{"id":43,"date":"2021-10-13T20:26:07","date_gmt":"2021-10-13T20:26:07","guid":{"rendered":"http:\/\/landhaussalzburg.eu\/home\/?page_id=43"},"modified":"2025-11-23T19:58:56","modified_gmt":"2025-11-23T19:58:56","slug":"appartement-2-personen","status":"publish","type":"page","link":"http:\/\/landhaussalzburg.eu\/index.php\/appartement-2-personen\/","title":{"rendered":"Appartement, 2 Personen"},"content":{"rendered":"\n<figure class=\"wp-block-image size-large\"><img data-recalc-dims=\"1\" loading=\"lazy\" decoding=\"async\" width=\"950\" height=\"285\" src=\"https:\/\/i0.wp.com\/landhaussalzburg.eu\/wp-content\/uploads\/2021\/10\/Appartement-2-Panorama.jpg?resize=950%2C285\" alt=\"\" class=\"wp-image-182\" srcset=\"https:\/\/i0.wp.com\/landhaussalzburg.eu\/wp-content\/uploads\/2021\/10\/Appartement-2-Panorama-scaled.jpg?resize=1024%2C307 1024w, https:\/\/i0.wp.com\/landhaussalzburg.eu\/wp-content\/uploads\/2021\/10\/Appartement-2-Panorama-scaled.jpg?resize=300%2C90 300w, https:\/\/i0.wp.com\/landhaussalzburg.eu\/wp-content\/uploads\/2021\/10\/Appartement-2-Panorama-scaled.jpg?resize=768%2C230 768w, https:\/\/i0.wp.com\/landhaussalzburg.eu\/wp-content\/uploads\/2021\/10\/Appartement-2-Panorama-scaled.jpg?resize=1536%2C461 1536w, https:\/\/i0.wp.com\/landhaussalzburg.eu\/wp-content\/uploads\/2021\/10\/Appartement-2-Panorama-scaled.jpg?resize=2048%2C614 2048w, https:\/\/i0.wp.com\/landhaussalzburg.eu\/wp-content\/uploads\/2021\/10\/Appartement-2-Panorama-scaled.jpg?resize=2000%2C600 2000w, https:\/\/i0.wp.com\/landhaussalzburg.eu\/wp-content\/uploads\/2021\/10\/Appartement-2-Panorama-scaled.jpg?w=1900 1900w\" sizes=\"auto, (max-width: 950px) 100vw, 950px\" \/><\/figure>\n\n\n\n<p>Unser freundliches, s\u00fcdseitig gelegenes, 28m<sup>2<\/sup> gro\u00dfes Appartement besteht aus einem Wohn-Schlafraum mit Doppelbett, gem\u00fctlicher Sitzecke, Kochnische, Dusche\/WC und gro\u00dfem Balkon.<br><br><\/p>\n\n\n\n<p><\/p>\n\n\n\n<p><\/p>\n\n\n\n<div class=\"wp-block-media-text alignwide has-media-on-the-right is-stacked-on-mobile\"><div class=\"wp-block-media-text__content\">\n<p><strong>Ausstattung:<\/strong><\/p>\n\n\n\n<ul class=\"wp-block-list\">\n<li>E-Herd mit Backofen und Dunstabzug<\/li>\n\n\n\n<li>K\u00fchlschrank mit Gefrierfach<\/li>\n\n\n\n<li>Mikrowelle<\/li>\n\n\n\n<li>Kaffeemaschine<\/li>\n\n\n\n<li>Wasser- und Eierkocher<\/li>\n\n\n\n<li>Komplettes Ess- und Kochgeschirr<\/li>\n\n\n\n<li>Bettw\u00e4sche<\/li>\n\n\n\n<li>Bade- und Handt\u00fccher<\/li>\n\n\n\n<li>Balkon m\u00f6bliert<\/li>\n\n\n\n<li>Sat-TV<\/li>\n\n\n\n<li>WLAN inkludiert<\/li>\n\n\n\n<li>Kostenloser Privatparkplatz direkt vor dem Haus<\/li>\n\n\n\n<li>T\u00e4glicher Br\u00f6tchenservice auf Wunsch<br><br><br><\/li>\n<\/ul>\n\n\n\n<p><\/p>\n<\/div><figure class=\"wp-block-media-text__media\"><img data-recalc-dims=\"1\" loading=\"lazy\" decoding=\"async\" width=\"950\" height=\"836\" src=\"https:\/\/i0.wp.com\/landhaussalzburg.eu\/wp-content\/uploads\/2021\/10\/Appartement-2-Plan.png?resize=950%2C836\" alt=\"\" class=\"wp-image-232 size-full\" srcset=\"https:\/\/i0.wp.com\/landhaussalzburg.eu\/wp-content\/uploads\/2021\/10\/Appartement-2-Plan.png?w=1000 1000w, https:\/\/i0.wp.com\/landhaussalzburg.eu\/wp-content\/uploads\/2021\/10\/Appartement-2-Plan.png?resize=300%2C264 300w, https:\/\/i0.wp.com\/landhaussalzburg.eu\/wp-content\/uploads\/2021\/10\/Appartement-2-Plan.png?resize=768%2C676 768w\" sizes=\"auto, (max-width: 950px) 100vw, 950px\" \/><\/figure><\/div>\n\n\n\n<p><\/p>\n\n\n\n<p><strong>Preise:<\/strong><\/p>\n\n\n\n<figure class=\"wp-block-table\"><table><tbody><tr><td>&nbsp;<\/td><td>Nebensaison*<\/td><td>Hauptsaison**<\/td><\/tr><tr><td>&nbsp;&nbsp; Sommer<\/td><td>\u20ac 71<\/td><td>\u20ac 74<\/td><\/tr><tr><td>&nbsp;&nbsp; Winter<\/td><td>\u20ac 74<\/td><td>\u20ac 77<\/td><\/tr><\/tbody><\/table><\/figure>\n\n\n\n<ul class=\"wp-block-list\">\n<li>* Nebensaison: 06.01.2026-30.01.2026, 07.03.2026-05.04.2026, 23.05.2026-26.06.2026, 29.08.2026-26.10.2026<\/li>\n\n\n\n<li>** Hauptsaison: 20.12.2025-05.01.2026, 31.01.2026-06.03.2026, 27.06.2026-28.08.2026<\/li>\n\n\n\n<li>Preise exkl. Ortstaxe von \u20ac 2,65 pro Person und Nacht (ab dem 15. Lebensjahr), Mobilit\u00e4tsabgabe von \u20ac 0,50 pro Person und Nacht und Endreinigung \u20ac 45.<\/li>\n\n\n\n<li>Die Bezahlung erfolgt bar vor Ort oder vorab \u00fcber Bank\u00fcberweisung.<\/li>\n\n\n\n<li>Eine Anzahlung von 20% des Appartementpreises ist bei Buchung f\u00e4llig.<\/li>\n\n\n\n<li>Es handelt sich um ein Nichtraucher-Appartement, rauchen ist jedoch auf dem Balkon m\u00f6glich.<\/li>\n\n\n\n<li>Haustiere auf Anfrage.<\/li>\n\n\n\n<li>Ein Kinderbett wird auf Anfrage kostenlos zur Verf\u00fcgung gestellt.<\/li>\n\n\n\n<li>Anreise von 14:00 Uhr bis 21:00 Uhr, Abreise bis 10:00 Uhr.<\/li>\n<\/ul>\n\n\n\n<p><\/p>\n","protected":false},"excerpt":{"rendered":"<p>Unser freundliches, s\u00fcdseitig gelegenes, 28m2 gro\u00dfes Appartement besteht aus einem Wohn-Schlafraum mit Doppelbett, gem\u00fctlicher Sitzecke, Kochnische, Dusche\/WC und gro\u00dfem Balkon. Preise: &nbsp; Nebensaison* Hauptsaison** &nbsp;&nbsp; Sommer \u20ac 71 \u20ac 74 &nbsp;&nbsp; Winter \u20ac 74 \u20ac 77<\/p>\n","protected":false},"author":1,"featured_media":0,"parent":0,"menu_order":0,"comment_status":"closed","ping_status":"closed","template":"","meta":{"footnotes":""},"class_list":["post-43","page","type-page","status-publish","hentry"],"yoast_head":"<!-- This site is optimized with the Yoast SEO plugin v27.3 - https:\/\/yoast.com\/product\/yoast-seo-wordpress\/ -->\n<title>Appartement, 2 Personen - landhaussalzburg.eu<\/title>\n<meta name=\"robots\" content=\"index, follow, max-snippet:-1, max-image-preview:large, max-video-preview:-1\" \/>\n<link rel=\"canonical\" href=\"http:\/\/landhaussalzburg.eu\/index.php\/appartement-2-personen\/\" \/>\n<meta property=\"og:locale\" content=\"de_DE\" \/>\n<meta property=\"og:type\" content=\"article\" \/>\n<meta property=\"og:title\" content=\"Appartement, 2 Personen - landhaussalzburg.eu\" \/>\n<meta property=\"og:description\" content=\"Unser freundliches, s\u00fcdseitig gelegenes, 28m2 gro\u00dfes Appartement besteht aus einem Wohn-Schlafraum mit Doppelbett, gem\u00fctlicher Sitzecke, Kochnische, Dusche\/WC und gro\u00dfem Balkon. Preise: &nbsp; Nebensaison* Hauptsaison** &nbsp;&nbsp; Sommer \u20ac 71 \u20ac 74 &nbsp;&nbsp; Winter \u20ac 74 \u20ac 77\" \/>\n<meta property=\"og:url\" content=\"http:\/\/landhaussalzburg.eu\/index.php\/appartement-2-personen\/\" \/>\n<meta property=\"og:site_name\" content=\"landhaussalzburg.eu\" \/>\n<meta property=\"article:modified_time\" content=\"2025-11-23T19:58:56+00:00\" \/>\n<meta property=\"og:image\" content=\"http:\/\/landhaussalzburg.eu\/wp-content\/uploads\/2021\/10\/Appartement-2-Panorama-1024x307.jpg\" \/>\n<meta name=\"twitter:card\" content=\"summary_large_image\" \/>\n<meta name=\"twitter:label1\" content=\"Gesch\u00e4tzte Lesezeit\" \/>\n\t<meta name=\"twitter:data1\" content=\"2\u00a0Minuten\" \/>\n<script type=\"application\/ld+json\" class=\"yoast-schema-graph\">{\"@context\":\"https:\\\/\\\/schema.org\",\"@graph\":[{\"@type\":\"WebPage\",\"@id\":\"http:\\\/\\\/landhaussalzburg.eu\\\/index.php\\\/appartement-2-personen\\\/\",\"url\":\"http:\\\/\\\/landhaussalzburg.eu\\\/index.php\\\/appartement-2-personen\\\/\",\"name\":\"Appartement, 2 Personen - landhaussalzburg.eu\",\"isPartOf\":{\"@id\":\"http:\\\/\\\/landhaussalzburg.eu\\\/#website\"},\"primaryImageOfPage\":{\"@id\":\"http:\\\/\\\/landhaussalzburg.eu\\\/index.php\\\/appartement-2-personen\\\/#primaryimage\"},\"image\":{\"@id\":\"http:\\\/\\\/landhaussalzburg.eu\\\/index.php\\\/appartement-2-personen\\\/#primaryimage\"},\"thumbnailUrl\":\"http:\\\/\\\/landhaussalzburg.eu\\\/wp-content\\\/uploads\\\/2021\\\/10\\\/Appartement-2-Panorama-1024x307.jpg\",\"datePublished\":\"2021-10-13T20:26:07+00:00\",\"dateModified\":\"2025-11-23T19:58:56+00:00\",\"breadcrumb\":{\"@id\":\"http:\\\/\\\/landhaussalzburg.eu\\\/index.php\\\/appartement-2-personen\\\/#breadcrumb\"},\"inLanguage\":\"de\",\"potentialAction\":[{\"@type\":\"ReadAction\",\"target\":[\"http:\\\/\\\/landhaussalzburg.eu\\\/index.php\\\/appartement-2-personen\\\/\"]}]},{\"@type\":\"ImageObject\",\"inLanguage\":\"de\",\"@id\":\"http:\\\/\\\/landhaussalzburg.eu\\\/index.php\\\/appartement-2-personen\\\/#primaryimage\",\"url\":\"https:\\\/\\\/i0.wp.com\\\/landhaussalzburg.eu\\\/wp-content\\\/uploads\\\/2021\\\/10\\\/Appartement-2-Panorama-scaled.jpg?fit=2560%2C768\",\"contentUrl\":\"https:\\\/\\\/i0.wp.com\\\/landhaussalzburg.eu\\\/wp-content\\\/uploads\\\/2021\\\/10\\\/Appartement-2-Panorama-scaled.jpg?fit=2560%2C768\",\"width\":2560,\"height\":768},{\"@type\":\"BreadcrumbList\",\"@id\":\"http:\\\/\\\/landhaussalzburg.eu\\\/index.php\\\/appartement-2-personen\\\/#breadcrumb\",\"itemListElement\":[{\"@type\":\"ListItem\",\"position\":1,\"name\":\"Startseite\",\"item\":\"http:\\\/\\\/landhaussalzburg.eu\\\/\"},{\"@type\":\"ListItem\",\"position\":2,\"name\":\"Appartement, 2 Personen\"}]},{\"@type\":\"WebSite\",\"@id\":\"http:\\\/\\\/landhaussalzburg.eu\\\/#website\",\"url\":\"http:\\\/\\\/landhaussalzburg.eu\\\/\",\"name\":\"Landhaus Salzburg, Werfenweng\",\"description\":\"Just another WordPress site\",\"publisher\":{\"@id\":\"http:\\\/\\\/landhaussalzburg.eu\\\/#organization\"},\"potentialAction\":[{\"@type\":\"SearchAction\",\"target\":{\"@type\":\"EntryPoint\",\"urlTemplate\":\"http:\\\/\\\/landhaussalzburg.eu\\\/?s={search_term_string}\"},\"query-input\":{\"@type\":\"PropertyValueSpecification\",\"valueRequired\":true,\"valueName\":\"search_term_string\"}}],\"inLanguage\":\"de\"},{\"@type\":\"Organization\",\"@id\":\"http:\\\/\\\/landhaussalzburg.eu\\\/#organization\",\"name\":\"Landhaus Salzburg, Werfenweng\",\"url\":\"http:\\\/\\\/landhaussalzburg.eu\\\/\",\"logo\":{\"@type\":\"ImageObject\",\"inLanguage\":\"de\",\"@id\":\"http:\\\/\\\/landhaussalzburg.eu\\\/#\\\/schema\\\/logo\\\/image\\\/\",\"url\":\"https:\\\/\\\/i2.wp.com\\\/landhaussalzburg.eu\\\/wp-content\\\/uploads\\\/2021\\\/10\\\/Haus-Sommer-1-2-scaled.jpg?fit=2560%2C1920\",\"contentUrl\":\"https:\\\/\\\/i2.wp.com\\\/landhaussalzburg.eu\\\/wp-content\\\/uploads\\\/2021\\\/10\\\/Haus-Sommer-1-2-scaled.jpg?fit=2560%2C1920\",\"width\":2560,\"height\":1920,\"caption\":\"Landhaus Salzburg, Werfenweng\"},\"image\":{\"@id\":\"http:\\\/\\\/landhaussalzburg.eu\\\/#\\\/schema\\\/logo\\\/image\\\/\"}}]}<\/script>\n<!-- \/ Yoast SEO plugin. -->","yoast_head_json":{"title":"Appartement, 2 Personen - landhaussalzburg.eu","robots":{"index":"index","follow":"follow","max-snippet":"max-snippet:-1","max-image-preview":"max-image-preview:large","max-video-preview":"max-video-preview:-1"},"canonical":"http:\/\/landhaussalzburg.eu\/index.php\/appartement-2-personen\/","og_locale":"de_DE","og_type":"article","og_title":"Appartement, 2 Personen - landhaussalzburg.eu","og_description":"Unser freundliches, s\u00fcdseitig gelegenes, 28m2 gro\u00dfes Appartement besteht aus einem Wohn-Schlafraum mit Doppelbett, gem\u00fctlicher Sitzecke, Kochnische, Dusche\/WC und gro\u00dfem Balkon. Preise: &nbsp; Nebensaison* Hauptsaison** &nbsp;&nbsp; Sommer \u20ac 71 \u20ac 74 &nbsp;&nbsp; Winter \u20ac 74 \u20ac 77","og_url":"http:\/\/landhaussalzburg.eu\/index.php\/appartement-2-personen\/","og_site_name":"landhaussalzburg.eu","article_modified_time":"2025-11-23T19:58:56+00:00","og_image":[{"url":"http:\/\/landhaussalzburg.eu\/wp-content\/uploads\/2021\/10\/Appartement-2-Panorama-1024x307.jpg","type":"","width":"","height":""}],"twitter_card":"summary_large_image","twitter_misc":{"Gesch\u00e4tzte Lesezeit":"2\u00a0Minuten"},"schema":{"@context":"https:\/\/schema.org","@graph":[{"@type":"WebPage","@id":"http:\/\/landhaussalzburg.eu\/index.php\/appartement-2-personen\/","url":"http:\/\/landhaussalzburg.eu\/index.php\/appartement-2-personen\/","name":"Appartement, 2 Personen - landhaussalzburg.eu","isPartOf":{"@id":"http:\/\/landhaussalzburg.eu\/#website"},"primaryImageOfPage":{"@id":"http:\/\/landhaussalzburg.eu\/index.php\/appartement-2-personen\/#primaryimage"},"image":{"@id":"http:\/\/landhaussalzburg.eu\/index.php\/appartement-2-personen\/#primaryimage"},"thumbnailUrl":"http:\/\/landhaussalzburg.eu\/wp-content\/uploads\/2021\/10\/Appartement-2-Panorama-1024x307.jpg","datePublished":"2021-10-13T20:26:07+00:00","dateModified":"2025-11-23T19:58:56+00:00","breadcrumb":{"@id":"http:\/\/landhaussalzburg.eu\/index.php\/appartement-2-personen\/#breadcrumb"},"inLanguage":"de","potentialAction":[{"@type":"ReadAction","target":["http:\/\/landhaussalzburg.eu\/index.php\/appartement-2-personen\/"]}]},{"@type":"ImageObject","inLanguage":"de","@id":"http:\/\/landhaussalzburg.eu\/index.php\/appartement-2-personen\/#primaryimage","url":"https:\/\/i0.wp.com\/landhaussalzburg.eu\/wp-content\/uploads\/2021\/10\/Appartement-2-Panorama-scaled.jpg?fit=2560%2C768","contentUrl":"https:\/\/i0.wp.com\/landhaussalzburg.eu\/wp-content\/uploads\/2021\/10\/Appartement-2-Panorama-scaled.jpg?fit=2560%2C768","width":2560,"height":768},{"@type":"BreadcrumbList","@id":"http:\/\/landhaussalzburg.eu\/index.php\/appartement-2-personen\/#breadcrumb","itemListElement":[{"@type":"ListItem","position":1,"name":"Startseite","item":"http:\/\/landhaussalzburg.eu\/"},{"@type":"ListItem","position":2,"name":"Appartement, 2 Personen"}]},{"@type":"WebSite","@id":"http:\/\/landhaussalzburg.eu\/#website","url":"http:\/\/landhaussalzburg.eu\/","name":"Landhaus Salzburg, Werfenweng","description":"Just another WordPress site","publisher":{"@id":"http:\/\/landhaussalzburg.eu\/#organization"},"potentialAction":[{"@type":"SearchAction","target":{"@type":"EntryPoint","urlTemplate":"http:\/\/landhaussalzburg.eu\/?s={search_term_string}"},"query-input":{"@type":"PropertyValueSpecification","valueRequired":true,"valueName":"search_term_string"}}],"inLanguage":"de"},{"@type":"Organization","@id":"http:\/\/landhaussalzburg.eu\/#organization","name":"Landhaus Salzburg, Werfenweng","url":"http:\/\/landhaussalzburg.eu\/","logo":{"@type":"ImageObject","inLanguage":"de","@id":"http:\/\/landhaussalzburg.eu\/#\/schema\/logo\/image\/","url":"https:\/\/i2.wp.com\/landhaussalzburg.eu\/wp-content\/uploads\/2021\/10\/Haus-Sommer-1-2-scaled.jpg?fit=2560%2C1920","contentUrl":"https:\/\/i2.wp.com\/landhaussalzburg.eu\/wp-content\/uploads\/2021\/10\/Haus-Sommer-1-2-scaled.jpg?fit=2560%2C1920","width":2560,"height":1920,"caption":"Landhaus Salzburg, Werfenweng"},"image":{"@id":"http:\/\/landhaussalzburg.eu\/#\/schema\/logo\/image\/"}}]}},"jetpack_sharing_enabled":true,"_links":{"self":[{"href":"http:\/\/landhaussalzburg.eu\/index.php\/wp-json\/wp\/v2\/pages\/43","targetHints":{"allow":["GET"]}}],"collection":[{"href":"http:\/\/landhaussalzburg.eu\/index.php\/wp-json\/wp\/v2\/pages"}],"about":[{"href":"http:\/\/landhaussalzburg.eu\/index.php\/wp-json\/wp\/v2\/types\/page"}],"author":[{"embeddable":true,"href":"http:\/\/landhaussalzburg.eu\/index.php\/wp-json\/wp\/v2\/users\/1"}],"replies":[{"embeddable":true,"href":"http:\/\/landhaussalzburg.eu\/index.php\/wp-json\/wp\/v2\/comments?post=43"}],"version-history":[{"count":20,"href":"http:\/\/landhaussalzburg.eu\/index.php\/wp-json\/wp\/v2\/pages\/43\/revisions"}],"predecessor-version":[{"id":274,"href":"http:\/\/landhaussalzburg.eu\/index.php\/wp-json\/wp\/v2\/pages\/43\/revisions\/274"}],"wp:attachment":[{"href":"http:\/\/landhaussalzburg.eu\/index.php\/wp-json\/wp\/v2\/media?parent=43"}],"curies":[{"name":"wp","href":"https:\/\/api.w.org\/{rel}","templated":true}]}}