{"id":20,"date":"2021-10-13T20:01:13","date_gmt":"2021-10-13T20:01:13","guid":{"rendered":"http:\/\/landhaussalzburg.eu\/home\/?page_id=20"},"modified":"2021-10-23T15:45:28","modified_gmt":"2021-10-23T15:45:28","slug":"lage-kontakt","status":"publish","type":"page","link":"http:\/\/landhaussalzburg.eu\/","title":{"rendered":"Unser Landhaus &#8230;"},"content":{"rendered":"\n<p>Unser komfortables Landhaus befindet sich im Ortskern, in sehr sonniger, zentraler und doch ruhiger Lage.<\/p>\n\n\n\n<p>Das Haus ist ein idealer Ausgangspunkt f\u00fcr Ausfl\u00fcge und Wanderungen aller Art.<\/p>\n\n\n\n<p>Der Badesee, die Tennispl\u00e4tze, Rodelbahnen, Langlaufloipen, Ski-Bus-Haltestelle und Rosnerk\u00f6pfl-Dorfbahn befinden sich in unmittelbarer N\u00e4he.<\/p>\n\n\n\n<div class=\"wp-block-jetpack-tiled-gallery aligncenter is-style-rectangular\"><div class=\"tiled-gallery__gallery\"><div class=\"tiled-gallery__row\"><div class=\"tiled-gallery__col\" style=\"flex-basis:66.77402%\"><figure class=\"tiled-gallery__item\"><img decoding=\"async\" srcset=\"https:\/\/i1.wp.com\/landhaussalzburg.eu\/home\/wp-content\/uploads\/2021\/10\/Haus-Sommer-1-1-1024x768.jpg?strip=info&#038;w=600 600w,https:\/\/i1.wp.com\/landhaussalzburg.eu\/home\/wp-content\/uploads\/2021\/10\/Haus-Sommer-1-1-1024x768.jpg?strip=info&#038;w=900 900w,https:\/\/i1.wp.com\/landhaussalzburg.eu\/home\/wp-content\/uploads\/2021\/10\/Haus-Sommer-1-1-1024x768.jpg?strip=info&#038;w=1200 1200w,https:\/\/i1.wp.com\/landhaussalzburg.eu\/home\/wp-content\/uploads\/2021\/10\/Haus-Sommer-1-1-1024x768.jpg?strip=info&#038;w=1500 1500w,https:\/\/i1.wp.com\/landhaussalzburg.eu\/home\/wp-content\/uploads\/2021\/10\/Haus-Sommer-1-1-1024x768.jpg?strip=info&#038;w=1800 1800w,https:\/\/i1.wp.com\/landhaussalzburg.eu\/home\/wp-content\/uploads\/2021\/10\/Haus-Sommer-1-1-1024x768.jpg?strip=info&#038;w=2000 2000w\" alt=\"\" data-height=\"1920\" data-id=\"175\" data-link=\"http:\/\/landhaussalzburg.eu\/index.php\/lage-kontakt\/haus-sommer-1-1\/\" data-url=\"http:\/\/landhaussalzburg.eu\/wp-content\/uploads\/2021\/10\/Haus-Sommer-1-1-1024x768.jpg\" data-width=\"2560\" src=\"https:\/\/i1.wp.com\/landhaussalzburg.eu\/home\/wp-content\/uploads\/2021\/10\/Haus-Sommer-1-1-1024x768.jpg\" data-amp-layout=\"responsive\"\/><\/figure><\/div><div class=\"tiled-gallery__col\" style=\"flex-basis:33.22598%\"><figure class=\"tiled-gallery__item\"><img decoding=\"async\" srcset=\"https:\/\/i1.wp.com\/landhaussalzburg.eu\/home\/wp-content\/uploads\/2021\/10\/Haus-Winter-1-1024x768.jpg?strip=info&#038;w=600 600w,https:\/\/i1.wp.com\/landhaussalzburg.eu\/home\/wp-content\/uploads\/2021\/10\/Haus-Winter-1-1024x768.jpg?strip=info&#038;w=900 900w,https:\/\/i1.wp.com\/landhaussalzburg.eu\/home\/wp-content\/uploads\/2021\/10\/Haus-Winter-1-1024x768.jpg?strip=info&#038;w=1200 1200w,https:\/\/i1.wp.com\/landhaussalzburg.eu\/home\/wp-content\/uploads\/2021\/10\/Haus-Winter-1-1024x768.jpg?strip=info&#038;w=1500 1500w,https:\/\/i1.wp.com\/landhaussalzburg.eu\/home\/wp-content\/uploads\/2021\/10\/Haus-Winter-1-1024x768.jpg?strip=info&#038;w=1800 1800w,https:\/\/i1.wp.com\/landhaussalzburg.eu\/home\/wp-content\/uploads\/2021\/10\/Haus-Winter-1-1024x768.jpg?strip=info&#038;w=2000 2000w\" alt=\"\" data-height=\"1920\" data-id=\"171\" data-link=\"http:\/\/landhaussalzburg.eu\/index.php\/lage-kontakt\/haus-winter-1\/\" data-url=\"http:\/\/landhaussalzburg.eu\/wp-content\/uploads\/2021\/10\/Haus-Winter-1-1024x768.jpg\" data-width=\"2560\" src=\"https:\/\/i1.wp.com\/landhaussalzburg.eu\/home\/wp-content\/uploads\/2021\/10\/Haus-Winter-1-1024x768.jpg\" data-amp-layout=\"responsive\"\/><\/figure><figure class=\"tiled-gallery__item\"><img decoding=\"async\" srcset=\"https:\/\/i0.wp.com\/landhaussalzburg.eu\/home\/wp-content\/uploads\/2021\/10\/Haus-Winter-2-1024x768.jpg?strip=info&#038;w=600 600w,https:\/\/i0.wp.com\/landhaussalzburg.eu\/home\/wp-content\/uploads\/2021\/10\/Haus-Winter-2-1024x768.jpg?strip=info&#038;w=900 900w,https:\/\/i0.wp.com\/landhaussalzburg.eu\/home\/wp-content\/uploads\/2021\/10\/Haus-Winter-2-1024x768.jpg?strip=info&#038;w=1200 1200w,https:\/\/i0.wp.com\/landhaussalzburg.eu\/home\/wp-content\/uploads\/2021\/10\/Haus-Winter-2-1024x768.jpg?strip=info&#038;w=1500 1500w,https:\/\/i0.wp.com\/landhaussalzburg.eu\/home\/wp-content\/uploads\/2021\/10\/Haus-Winter-2-1024x768.jpg?strip=info&#038;w=1800 1800w,https:\/\/i0.wp.com\/landhaussalzburg.eu\/home\/wp-content\/uploads\/2021\/10\/Haus-Winter-2-1024x768.jpg?strip=info&#038;w=2000 2000w\" alt=\"\" data-height=\"1920\" data-id=\"173\" data-link=\"http:\/\/landhaussalzburg.eu\/index.php\/lage-kontakt\/haus-winter-2\/\" data-url=\"http:\/\/landhaussalzburg.eu\/wp-content\/uploads\/2021\/10\/Haus-Winter-2-1024x768.jpg\" data-width=\"2560\" src=\"https:\/\/i0.wp.com\/landhaussalzburg.eu\/home\/wp-content\/uploads\/2021\/10\/Haus-Winter-2-1024x768.jpg\" data-amp-layout=\"responsive\"\/><\/figure><\/div><\/div><\/div><\/div>\n\n\n\n<h2 class=\"wp-block-heading\"><br>Kontakt<\/h2>\n\n\n\n<p><strong>Familie Rettenbacher<\/strong><br>Landhaus Salzburg<br>Weng 91<br>A-5453 Werfenweng<br><br>Telefon: +43 650 583 42 59<br>E-Mail:&nbsp;<a href=\"mailto:landhaussalzburg@aon.at\">landhaussalzburg@aon.at<\/a><br><br><\/p>\n\n\n\t\t<div\n            id=\"wpmapblock_0\"\n            data-settings='{&quot;map_marker&quot;:[{&quot;lat&quot;:&quot;47.46284975&quot;,&quot;lng&quot;:&quot;13.257438850105718&quot;,&quot;title&quot;:&quot;Landhaus Salzburg&quot;,&quot;content&quot;:&quot;Mitten im Ort in traumhafter Lage ...&quot;,&quot;iconType&quot;:&quot;default&quot;,&quot;customIconUrl&quot;:&quot;&quot;,&quot;customIconWidth&quot;:&quot;25&quot;,&quot;customIconHeight&quot;:&quot;40&quot;}],&quot;map_zoom&quot;:&quot;16&quot;,&quot;scroll_wheel_zoom&quot;:false,&quot;map_type&quot;:&quot;OSM&quot;,&quot;center_index&quot;:0}'\n            class=\"wpmapblockrender\"\n            style=\"\n\t\t\twidth: 100%;\n\t\t\theight: 500px;\n\t\t\"\n            >\n        <\/div>\n        \n\n\n<p><br><\/p>\n","protected":false},"excerpt":{"rendered":"<p>Unser komfortables Landhaus befindet sich im Ortskern, in sehr sonniger, zentraler und doch ruhiger Lage. Das Haus ist ein idealer Ausgangspunkt f\u00fcr Ausfl\u00fcge und Wanderungen aller Art. Der Badesee, die Tennispl\u00e4tze, Rodelbahnen, Langlaufloipen, Ski-Bus-Haltestelle und Rosnerk\u00f6pfl-Dorfbahn befinden sich in unmittelbarer N\u00e4he. Kontakt Familie RettenbacherLandhaus SalzburgWeng 91A-5453 Werfenweng Telefon: +43 650 583 42 59E-Mail:&nbsp;landhaussalzburg@aon.at<\/p>\n","protected":false},"author":1,"featured_media":0,"parent":0,"menu_order":0,"comment_status":"closed","ping_status":"closed","template":"","meta":{"footnotes":""},"class_list":["post-20","page","type-page","status-publish","hentry"],"yoast_head":"<!-- This site is optimized with the Yoast SEO plugin v27.3 - https:\/\/yoast.com\/product\/yoast-seo-wordpress\/ -->\n<title>Unser Landhaus ... - landhaussalzburg.eu<\/title>\n<meta name=\"robots\" content=\"index, follow, max-snippet:-1, max-image-preview:large, max-video-preview:-1\" \/>\n<link rel=\"canonical\" href=\"http:\/\/landhaussalzburg.eu\/\" \/>\n<meta property=\"og:locale\" content=\"de_DE\" \/>\n<meta property=\"og:type\" content=\"article\" \/>\n<meta property=\"og:title\" content=\"Unser Landhaus ... - landhaussalzburg.eu\" \/>\n<meta property=\"og:description\" content=\"Unser komfortables Landhaus befindet sich im Ortskern, in sehr sonniger, zentraler und doch ruhiger Lage. Das Haus ist ein idealer Ausgangspunkt f\u00fcr Ausfl\u00fcge und Wanderungen aller Art. Der Badesee, die Tennispl\u00e4tze, Rodelbahnen, Langlaufloipen, Ski-Bus-Haltestelle und Rosnerk\u00f6pfl-Dorfbahn befinden sich in unmittelbarer N\u00e4he. Kontakt Familie RettenbacherLandhaus SalzburgWeng 91A-5453 Werfenweng Telefon: +43 650 583 42 59E-Mail:&nbsp;landhaussalzburg@aon.at\" \/>\n<meta property=\"og:url\" content=\"http:\/\/landhaussalzburg.eu\/\" \/>\n<meta property=\"og:site_name\" content=\"landhaussalzburg.eu\" \/>\n<meta property=\"article:modified_time\" content=\"2021-10-23T15:45:28+00:00\" \/>\n<meta property=\"og:image\" content=\"https:\/\/i1.wp.com\/landhaussalzburg.eu\/home\/wp-content\/uploads\/2021\/10\/Haus-Sommer-1-1-1024x768.jpg\" \/>\n<meta name=\"twitter:card\" content=\"summary_large_image\" \/>\n<meta name=\"twitter:label1\" content=\"Gesch\u00e4tzte Lesezeit\" \/>\n\t<meta name=\"twitter:data1\" content=\"1\u00a0Minute\" \/>\n<script type=\"application\/ld+json\" class=\"yoast-schema-graph\">{\"@context\":\"https:\\\/\\\/schema.org\",\"@graph\":[{\"@type\":\"WebPage\",\"@id\":\"http:\\\/\\\/landhaussalzburg.eu\\\/\",\"url\":\"http:\\\/\\\/landhaussalzburg.eu\\\/\",\"name\":\"Unser Landhaus ... - landhaussalzburg.eu\",\"isPartOf\":{\"@id\":\"http:\\\/\\\/landhaussalzburg.eu\\\/#website\"},\"primaryImageOfPage\":{\"@id\":\"http:\\\/\\\/landhaussalzburg.eu\\\/#primaryimage\"},\"image\":{\"@id\":\"http:\\\/\\\/landhaussalzburg.eu\\\/#primaryimage\"},\"thumbnailUrl\":\"https:\\\/\\\/i1.wp.com\\\/landhaussalzburg.eu\\\/home\\\/wp-content\\\/uploads\\\/2021\\\/10\\\/Haus-Sommer-1-1-1024x768.jpg\",\"datePublished\":\"2021-10-13T20:01:13+00:00\",\"dateModified\":\"2021-10-23T15:45:28+00:00\",\"breadcrumb\":{\"@id\":\"http:\\\/\\\/landhaussalzburg.eu\\\/#breadcrumb\"},\"inLanguage\":\"de\",\"potentialAction\":[{\"@type\":\"ReadAction\",\"target\":[\"http:\\\/\\\/landhaussalzburg.eu\\\/\"]}]},{\"@type\":\"ImageObject\",\"inLanguage\":\"de\",\"@id\":\"http:\\\/\\\/landhaussalzburg.eu\\\/#primaryimage\",\"url\":\"https:\\\/\\\/i1.wp.com\\\/landhaussalzburg.eu\\\/home\\\/wp-content\\\/uploads\\\/2021\\\/10\\\/Haus-Sommer-1-1-1024x768.jpg\",\"contentUrl\":\"https:\\\/\\\/i1.wp.com\\\/landhaussalzburg.eu\\\/home\\\/wp-content\\\/uploads\\\/2021\\\/10\\\/Haus-Sommer-1-1-1024x768.jpg\"},{\"@type\":\"BreadcrumbList\",\"@id\":\"http:\\\/\\\/landhaussalzburg.eu\\\/#breadcrumb\",\"itemListElement\":[{\"@type\":\"ListItem\",\"position\":1,\"name\":\"Startseite\",\"item\":\"http:\\\/\\\/landhaussalzburg.eu\\\/\"},{\"@type\":\"ListItem\",\"position\":2,\"name\":\"Unser Landhaus &#8230;\"}]},{\"@type\":\"WebSite\",\"@id\":\"http:\\\/\\\/landhaussalzburg.eu\\\/#website\",\"url\":\"http:\\\/\\\/landhaussalzburg.eu\\\/\",\"name\":\"Landhaus Salzburg, Werfenweng\",\"description\":\"Just another WordPress site\",\"publisher\":{\"@id\":\"http:\\\/\\\/landhaussalzburg.eu\\\/#organization\"},\"potentialAction\":[{\"@type\":\"SearchAction\",\"target\":{\"@type\":\"EntryPoint\",\"urlTemplate\":\"http:\\\/\\\/landhaussalzburg.eu\\\/?s={search_term_string}\"},\"query-input\":{\"@type\":\"PropertyValueSpecification\",\"valueRequired\":true,\"valueName\":\"search_term_string\"}}],\"inLanguage\":\"de\"},{\"@type\":\"Organization\",\"@id\":\"http:\\\/\\\/landhaussalzburg.eu\\\/#organization\",\"name\":\"Landhaus Salzburg, Werfenweng\",\"url\":\"http:\\\/\\\/landhaussalzburg.eu\\\/\",\"logo\":{\"@type\":\"ImageObject\",\"inLanguage\":\"de\",\"@id\":\"http:\\\/\\\/landhaussalzburg.eu\\\/#\\\/schema\\\/logo\\\/image\\\/\",\"url\":\"https:\\\/\\\/i2.wp.com\\\/landhaussalzburg.eu\\\/wp-content\\\/uploads\\\/2021\\\/10\\\/Haus-Sommer-1-2-scaled.jpg?fit=2560%2C1920\",\"contentUrl\":\"https:\\\/\\\/i2.wp.com\\\/landhaussalzburg.eu\\\/wp-content\\\/uploads\\\/2021\\\/10\\\/Haus-Sommer-1-2-scaled.jpg?fit=2560%2C1920\",\"width\":2560,\"height\":1920,\"caption\":\"Landhaus Salzburg, Werfenweng\"},\"image\":{\"@id\":\"http:\\\/\\\/landhaussalzburg.eu\\\/#\\\/schema\\\/logo\\\/image\\\/\"}}]}<\/script>\n<!-- \/ Yoast SEO plugin. -->","yoast_head_json":{"title":"Unser Landhaus ... - landhaussalzburg.eu","robots":{"index":"index","follow":"follow","max-snippet":"max-snippet:-1","max-image-preview":"max-image-preview:large","max-video-preview":"max-video-preview:-1"},"canonical":"http:\/\/landhaussalzburg.eu\/","og_locale":"de_DE","og_type":"article","og_title":"Unser Landhaus ... - landhaussalzburg.eu","og_description":"Unser komfortables Landhaus befindet sich im Ortskern, in sehr sonniger, zentraler und doch ruhiger Lage. Das Haus ist ein idealer Ausgangspunkt f\u00fcr Ausfl\u00fcge und Wanderungen aller Art. Der Badesee, die Tennispl\u00e4tze, Rodelbahnen, Langlaufloipen, Ski-Bus-Haltestelle und Rosnerk\u00f6pfl-Dorfbahn befinden sich in unmittelbarer N\u00e4he. Kontakt Familie RettenbacherLandhaus SalzburgWeng 91A-5453 Werfenweng Telefon: +43 650 583 42 59E-Mail:&nbsp;landhaussalzburg@aon.at","og_url":"http:\/\/landhaussalzburg.eu\/","og_site_name":"landhaussalzburg.eu","article_modified_time":"2021-10-23T15:45:28+00:00","og_image":[{"url":"https:\/\/i1.wp.com\/landhaussalzburg.eu\/home\/wp-content\/uploads\/2021\/10\/Haus-Sommer-1-1-1024x768.jpg","type":"","width":"","height":""}],"twitter_card":"summary_large_image","twitter_misc":{"Gesch\u00e4tzte Lesezeit":"1\u00a0Minute"},"schema":{"@context":"https:\/\/schema.org","@graph":[{"@type":"WebPage","@id":"http:\/\/landhaussalzburg.eu\/","url":"http:\/\/landhaussalzburg.eu\/","name":"Unser Landhaus ... - landhaussalzburg.eu","isPartOf":{"@id":"http:\/\/landhaussalzburg.eu\/#website"},"primaryImageOfPage":{"@id":"http:\/\/landhaussalzburg.eu\/#primaryimage"},"image":{"@id":"http:\/\/landhaussalzburg.eu\/#primaryimage"},"thumbnailUrl":"https:\/\/i1.wp.com\/landhaussalzburg.eu\/home\/wp-content\/uploads\/2021\/10\/Haus-Sommer-1-1-1024x768.jpg","datePublished":"2021-10-13T20:01:13+00:00","dateModified":"2021-10-23T15:45:28+00:00","breadcrumb":{"@id":"http:\/\/landhaussalzburg.eu\/#breadcrumb"},"inLanguage":"de","potentialAction":[{"@type":"ReadAction","target":["http:\/\/landhaussalzburg.eu\/"]}]},{"@type":"ImageObject","inLanguage":"de","@id":"http:\/\/landhaussalzburg.eu\/#primaryimage","url":"https:\/\/i1.wp.com\/landhaussalzburg.eu\/home\/wp-content\/uploads\/2021\/10\/Haus-Sommer-1-1-1024x768.jpg","contentUrl":"https:\/\/i1.wp.com\/landhaussalzburg.eu\/home\/wp-content\/uploads\/2021\/10\/Haus-Sommer-1-1-1024x768.jpg"},{"@type":"BreadcrumbList","@id":"http:\/\/landhaussalzburg.eu\/#breadcrumb","itemListElement":[{"@type":"ListItem","position":1,"name":"Startseite","item":"http:\/\/landhaussalzburg.eu\/"},{"@type":"ListItem","position":2,"name":"Unser Landhaus &#8230;"}]},{"@type":"WebSite","@id":"http:\/\/landhaussalzburg.eu\/#website","url":"http:\/\/landhaussalzburg.eu\/","name":"Landhaus Salzburg, Werfenweng","description":"Just another WordPress site","publisher":{"@id":"http:\/\/landhaussalzburg.eu\/#organization"},"potentialAction":[{"@type":"SearchAction","target":{"@type":"EntryPoint","urlTemplate":"http:\/\/landhaussalzburg.eu\/?s={search_term_string}"},"query-input":{"@type":"PropertyValueSpecification","valueRequired":true,"valueName":"search_term_string"}}],"inLanguage":"de"},{"@type":"Organization","@id":"http:\/\/landhaussalzburg.eu\/#organization","name":"Landhaus Salzburg, Werfenweng","url":"http:\/\/landhaussalzburg.eu\/","logo":{"@type":"ImageObject","inLanguage":"de","@id":"http:\/\/landhaussalzburg.eu\/#\/schema\/logo\/image\/","url":"https:\/\/i2.wp.com\/landhaussalzburg.eu\/wp-content\/uploads\/2021\/10\/Haus-Sommer-1-2-scaled.jpg?fit=2560%2C1920","contentUrl":"https:\/\/i2.wp.com\/landhaussalzburg.eu\/wp-content\/uploads\/2021\/10\/Haus-Sommer-1-2-scaled.jpg?fit=2560%2C1920","width":2560,"height":1920,"caption":"Landhaus Salzburg, Werfenweng"},"image":{"@id":"http:\/\/landhaussalzburg.eu\/#\/schema\/logo\/image\/"}}]}},"jetpack_sharing_enabled":true,"_links":{"self":[{"href":"http:\/\/landhaussalzburg.eu\/index.php\/wp-json\/wp\/v2\/pages\/20","targetHints":{"allow":["GET"]}}],"collection":[{"href":"http:\/\/landhaussalzburg.eu\/index.php\/wp-json\/wp\/v2\/pages"}],"about":[{"href":"http:\/\/landhaussalzburg.eu\/index.php\/wp-json\/wp\/v2\/types\/page"}],"author":[{"embeddable":true,"href":"http:\/\/landhaussalzburg.eu\/index.php\/wp-json\/wp\/v2\/users\/1"}],"replies":[{"embeddable":true,"href":"http:\/\/landhaussalzburg.eu\/index.php\/wp-json\/wp\/v2\/comments?post=20"}],"version-history":[{"count":11,"href":"http:\/\/landhaussalzburg.eu\/index.php\/wp-json\/wp\/v2\/pages\/20\/revisions"}],"predecessor-version":[{"id":246,"href":"http:\/\/landhaussalzburg.eu\/index.php\/wp-json\/wp\/v2\/pages\/20\/revisions\/246"}],"wp:attachment":[{"href":"http:\/\/landhaussalzburg.eu\/index.php\/wp-json\/wp\/v2\/media?parent=20"}],"curies":[{"name":"wp","href":"https:\/\/api.w.org\/{rel}","templated":true}]}}