{"id":19,"date":"2021-10-13T20:01:13","date_gmt":"2021-10-13T20:01:13","guid":{"rendered":"http:\/\/landhaussalzburg.eu\/home\/?page_id=19"},"modified":"2021-10-16T15:55:30","modified_gmt":"2021-10-16T15:55:30","slug":"winter","status":"publish","type":"page","link":"http:\/\/landhaussalzburg.eu\/index.php\/winter\/","title":{"rendered":"Winter in Werfenweng &#8230;"},"content":{"rendered":"\n<div class=\"wp-block-jetpack-tiled-gallery aligncenter is-style-rectangular\"><div class=\"tiled-gallery__gallery\"><div class=\"tiled-gallery__row\"><div class=\"tiled-gallery__col\" style=\"flex-basis:63.86681%\"><figure class=\"tiled-gallery__item\"><img decoding=\"async\" srcset=\"https:\/\/i2.wp.com\/landhaussalzburg.eu\/home\/wp-content\/uploads\/2021\/10\/Bischling-4-1024x771.png?strip=info&#038;w=600 600w,https:\/\/i2.wp.com\/landhaussalzburg.eu\/home\/wp-content\/uploads\/2021\/10\/Bischling-4-1024x771.png?strip=info&#038;w=900 900w,https:\/\/i2.wp.com\/landhaussalzburg.eu\/home\/wp-content\/uploads\/2021\/10\/Bischling-4-1024x771.png?strip=info&#038;w=1200 1200w,https:\/\/i2.wp.com\/landhaussalzburg.eu\/home\/wp-content\/uploads\/2021\/10\/Bischling-4-1024x771.png?strip=info&#038;w=1500 1500w,https:\/\/i2.wp.com\/landhaussalzburg.eu\/home\/wp-content\/uploads\/2021\/10\/Bischling-4-1024x771.png?strip=info&#038;w=1800 1800w,https:\/\/i2.wp.com\/landhaussalzburg.eu\/home\/wp-content\/uploads\/2021\/10\/Bischling-4-1024x771.png?strip=info&#038;w=1872 1872w\" alt=\"\" data-height=\"1410\" data-id=\"201\" data-link=\"http:\/\/landhaussalzburg.eu\/index.php\/winter\/bischling-4\/\" data-url=\"http:\/\/landhaussalzburg.eu\/wp-content\/uploads\/2021\/10\/Bischling-4-1024x771.png\" data-width=\"1872\" src=\"https:\/\/i2.wp.com\/landhaussalzburg.eu\/home\/wp-content\/uploads\/2021\/10\/Bischling-4-1024x771.png\" data-amp-layout=\"responsive\"\/><\/figure><\/div><div class=\"tiled-gallery__col\" style=\"flex-basis:36.13319%\"><figure class=\"tiled-gallery__item\"><img decoding=\"async\" srcset=\"https:\/\/i0.wp.com\/landhaussalzburg.eu\/home\/wp-content\/uploads\/2021\/10\/Werfenweng-5-768x1024.jpg?strip=info&#038;w=600 600w,https:\/\/i0.wp.com\/landhaussalzburg.eu\/home\/wp-content\/uploads\/2021\/10\/Werfenweng-5-768x1024.jpg?strip=info&#038;w=900 900w,https:\/\/i0.wp.com\/landhaussalzburg.eu\/home\/wp-content\/uploads\/2021\/10\/Werfenweng-5-768x1024.jpg?strip=info&#038;w=1200 1200w,https:\/\/i0.wp.com\/landhaussalzburg.eu\/home\/wp-content\/uploads\/2021\/10\/Werfenweng-5-768x1024.jpg?strip=info&#038;w=1500 1500w,https:\/\/i0.wp.com\/landhaussalzburg.eu\/home\/wp-content\/uploads\/2021\/10\/Werfenweng-5-768x1024.jpg?strip=info&#038;w=1800 1800w,https:\/\/i0.wp.com\/landhaussalzburg.eu\/home\/wp-content\/uploads\/2021\/10\/Werfenweng-5-768x1024.jpg?strip=info&#038;w=1920 1920w\" alt=\"\" data-height=\"2560\" data-id=\"205\" data-link=\"http:\/\/landhaussalzburg.eu\/index.php\/winter\/werfenweng-5\/\" data-url=\"http:\/\/landhaussalzburg.eu\/wp-content\/uploads\/2021\/10\/Werfenweng-5-768x1024.jpg\" data-width=\"1920\" src=\"https:\/\/i0.wp.com\/landhaussalzburg.eu\/home\/wp-content\/uploads\/2021\/10\/Werfenweng-5-768x1024.jpg\" data-amp-layout=\"responsive\"\/><\/figure><\/div><\/div><div class=\"tiled-gallery__row\"><div class=\"tiled-gallery__col\" style=\"flex-basis:48.31539%\"><figure class=\"tiled-gallery__item\"><img decoding=\"async\" srcset=\"https:\/\/i0.wp.com\/landhaussalzburg.eu\/home\/wp-content\/uploads\/2021\/10\/Bischling-1-2-1024x768.jpg?strip=info&#038;w=600 600w,https:\/\/i0.wp.com\/landhaussalzburg.eu\/home\/wp-content\/uploads\/2021\/10\/Bischling-1-2-1024x768.jpg?strip=info&#038;w=900 900w,https:\/\/i0.wp.com\/landhaussalzburg.eu\/home\/wp-content\/uploads\/2021\/10\/Bischling-1-2-1024x768.jpg?strip=info&#038;w=1200 1200w,https:\/\/i0.wp.com\/landhaussalzburg.eu\/home\/wp-content\/uploads\/2021\/10\/Bischling-1-2-1024x768.jpg?strip=info&#038;w=1500 1500w,https:\/\/i0.wp.com\/landhaussalzburg.eu\/home\/wp-content\/uploads\/2021\/10\/Bischling-1-2-1024x768.jpg?strip=info&#038;w=1575 1575w\" alt=\"\" data-height=\"1181\" data-id=\"198\" data-link=\"http:\/\/landhaussalzburg.eu\/index.php\/winter\/bischling-1-2\/\" data-url=\"http:\/\/landhaussalzburg.eu\/wp-content\/uploads\/2021\/10\/Bischling-1-2-1024x768.jpg\" data-width=\"1575\" src=\"https:\/\/i0.wp.com\/landhaussalzburg.eu\/home\/wp-content\/uploads\/2021\/10\/Bischling-1-2-1024x768.jpg\" data-amp-layout=\"responsive\"\/><\/figure><figure class=\"tiled-gallery__item\"><img decoding=\"async\" srcset=\"https:\/\/i2.wp.com\/landhaussalzburg.eu\/home\/wp-content\/uploads\/2021\/10\/Werfenweng-6.jpg?strip=info&#038;w=600 600w,https:\/\/i2.wp.com\/landhaussalzburg.eu\/home\/wp-content\/uploads\/2021\/10\/Werfenweng-6.jpg?strip=info&#038;w=900 900w,https:\/\/i2.wp.com\/landhaussalzburg.eu\/home\/wp-content\/uploads\/2021\/10\/Werfenweng-6.jpg?strip=info&#038;w=1024 1024w\" alt=\"\" data-height=\"683\" data-id=\"204\" data-link=\"http:\/\/landhaussalzburg.eu\/index.php\/winter\/werfenweng-6\/\" data-url=\"http:\/\/landhaussalzburg.eu\/wp-content\/uploads\/2021\/10\/Werfenweng-6.jpg\" data-width=\"1024\" src=\"https:\/\/i2.wp.com\/landhaussalzburg.eu\/home\/wp-content\/uploads\/2021\/10\/Werfenweng-6.jpg\" data-amp-layout=\"responsive\"\/><\/figure><\/div><div class=\"tiled-gallery__col\" style=\"flex-basis:51.68461%\"><figure class=\"tiled-gallery__item\"><img decoding=\"async\" srcset=\"https:\/\/i2.wp.com\/landhaussalzburg.eu\/home\/wp-content\/uploads\/2021\/10\/Rodeln-1-768x1024.jpg?strip=info&#038;w=600 600w,https:\/\/i2.wp.com\/landhaussalzburg.eu\/home\/wp-content\/uploads\/2021\/10\/Rodeln-1-768x1024.jpg?strip=info&#038;w=900 900w,https:\/\/i2.wp.com\/landhaussalzburg.eu\/home\/wp-content\/uploads\/2021\/10\/Rodeln-1-768x1024.jpg?strip=info&#038;w=1200 1200w,https:\/\/i2.wp.com\/landhaussalzburg.eu\/home\/wp-content\/uploads\/2021\/10\/Rodeln-1-768x1024.jpg?strip=info&#038;w=1500 1500w,https:\/\/i2.wp.com\/landhaussalzburg.eu\/home\/wp-content\/uploads\/2021\/10\/Rodeln-1-768x1024.jpg?strip=info&#038;w=1800 1800w,https:\/\/i2.wp.com\/landhaussalzburg.eu\/home\/wp-content\/uploads\/2021\/10\/Rodeln-1-768x1024.jpg?strip=info&#038;w=1920 1920w\" alt=\"\" data-height=\"2560\" data-id=\"203\" data-link=\"http:\/\/landhaussalzburg.eu\/index.php\/winter\/rodeln-1\/\" data-url=\"http:\/\/landhaussalzburg.eu\/wp-content\/uploads\/2021\/10\/Rodeln-1-768x1024.jpg\" data-width=\"1920\" src=\"https:\/\/i2.wp.com\/landhaussalzburg.eu\/home\/wp-content\/uploads\/2021\/10\/Rodeln-1-768x1024.jpg\" data-amp-layout=\"responsive\"\/><\/figure><\/div><\/div><div class=\"tiled-gallery__row\"><div class=\"tiled-gallery__col\" style=\"flex-basis:66.77870%\"><figure class=\"tiled-gallery__item\"><img decoding=\"async\" srcset=\"https:\/\/i0.wp.com\/landhaussalzburg.eu\/home\/wp-content\/uploads\/2021\/10\/Bischling-2-1-1024x768.jpg?strip=info&#038;w=600 600w,https:\/\/i0.wp.com\/landhaussalzburg.eu\/home\/wp-content\/uploads\/2021\/10\/Bischling-2-1-1024x768.jpg?strip=info&#038;w=900 900w,https:\/\/i0.wp.com\/landhaussalzburg.eu\/home\/wp-content\/uploads\/2021\/10\/Bischling-2-1-1024x768.jpg?strip=info&#038;w=1200 1200w,https:\/\/i0.wp.com\/landhaussalzburg.eu\/home\/wp-content\/uploads\/2021\/10\/Bischling-2-1-1024x768.jpg?strip=info&#038;w=1500 1500w,https:\/\/i0.wp.com\/landhaussalzburg.eu\/home\/wp-content\/uploads\/2021\/10\/Bischling-2-1-1024x768.jpg?strip=info&#038;w=1575 1575w\" alt=\"\" data-height=\"1181\" data-id=\"199\" data-link=\"http:\/\/landhaussalzburg.eu\/index.php\/winter\/bischling-2-1\/\" data-url=\"http:\/\/landhaussalzburg.eu\/wp-content\/uploads\/2021\/10\/Bischling-2-1-1024x768.jpg\" data-width=\"1575\" src=\"https:\/\/i0.wp.com\/landhaussalzburg.eu\/home\/wp-content\/uploads\/2021\/10\/Bischling-2-1-1024x768.jpg\" data-amp-layout=\"responsive\"\/><\/figure><\/div><div class=\"tiled-gallery__col\" style=\"flex-basis:33.22130%\"><figure class=\"tiled-gallery__item\"><img decoding=\"async\" srcset=\"https:\/\/i1.wp.com\/landhaussalzburg.eu\/home\/wp-content\/uploads\/2021\/10\/Bischling-3-1024x768.jpg?strip=info&#038;w=600 600w,https:\/\/i1.wp.com\/landhaussalzburg.eu\/home\/wp-content\/uploads\/2021\/10\/Bischling-3-1024x768.jpg?strip=info&#038;w=900 900w,https:\/\/i1.wp.com\/landhaussalzburg.eu\/home\/wp-content\/uploads\/2021\/10\/Bischling-3-1024x768.jpg?strip=info&#038;w=1200 1200w,https:\/\/i1.wp.com\/landhaussalzburg.eu\/home\/wp-content\/uploads\/2021\/10\/Bischling-3-1024x768.jpg?strip=info&#038;w=1500 1500w,https:\/\/i1.wp.com\/landhaussalzburg.eu\/home\/wp-content\/uploads\/2021\/10\/Bischling-3-1024x768.jpg?strip=info&#038;w=1800 1800w,https:\/\/i1.wp.com\/landhaussalzburg.eu\/home\/wp-content\/uploads\/2021\/10\/Bischling-3-1024x768.jpg?strip=info&#038;w=2000 2000w\" alt=\"\" data-height=\"1920\" data-id=\"200\" data-link=\"http:\/\/landhaussalzburg.eu\/index.php\/winter\/bischling-3\/\" data-url=\"http:\/\/landhaussalzburg.eu\/wp-content\/uploads\/2021\/10\/Bischling-3-1024x768.jpg\" data-width=\"2560\" src=\"https:\/\/i1.wp.com\/landhaussalzburg.eu\/home\/wp-content\/uploads\/2021\/10\/Bischling-3-1024x768.jpg\" data-amp-layout=\"responsive\"\/><\/figure><figure class=\"tiled-gallery__item\"><img decoding=\"async\" srcset=\"https:\/\/i0.wp.com\/landhaussalzburg.eu\/home\/wp-content\/uploads\/2021\/10\/Werfenweng-7.jpg?strip=info&#038;w=600 600w,https:\/\/i0.wp.com\/landhaussalzburg.eu\/home\/wp-content\/uploads\/2021\/10\/Werfenweng-7.jpg?strip=info&#038;w=640 640w\" alt=\"\" data-height=\"480\" data-id=\"206\" data-link=\"http:\/\/landhaussalzburg.eu\/index.php\/winter\/werfenweng-7\/\" data-url=\"http:\/\/landhaussalzburg.eu\/wp-content\/uploads\/2021\/10\/Werfenweng-7.jpg\" data-width=\"640\" src=\"https:\/\/i0.wp.com\/landhaussalzburg.eu\/home\/wp-content\/uploads\/2021\/10\/Werfenweng-7.jpg\" data-amp-layout=\"responsive\"\/><\/figure><\/div><\/div><\/div><\/div>\n\n\n\n<p><br><br><strong>Skifahren in Werfenweng<\/strong><\/p>\n\n\n\n<p>Das Familienskigebiet am Tennengebirge &#8211; ein Paradies f\u00fcr Skifahrer, Boarder, Paragleiter, Rodler und Spazierg\u00e4nger. Die Rosnerk\u00f6pfl-Dorfbahn als Zubringerbahn zum Skigebiet&nbsp;der Bergbahnen Werfenweng&nbsp;sowie der kostenlose Skibus direkt in das rund 1 km entfernte Skigebiet sind zu Fu\u00df in wenigen Minuten erreichbar. Die Abfahrt ins Tal ist bis ca. 200m in Hausn\u00e4he m\u00f6glich.&nbsp;<\/p>\n\n\n\n<ul class=\"wp-block-list\"><li><a href=\"https:\/\/www.bergbahnen-werfenweng.com\/winter\/\" target=\"_blank\" rel=\"noreferrer noopener\">Bergbahnen Werfenweng<\/a><\/li><li><a href=\"http:\/\/www.ski-pro.at\/index.php\/home.html\" target=\"_blank\" rel=\"noreferrer noopener\">Skischule und Skiverleih Brandst\u00e4tter<\/a><\/li><li><a href=\"http:\/\/www.sport-alpin.info\/werfenweng\/skischule\/\" target=\"_blank\" rel=\"noreferrer noopener\">Skischule und Skiverleih Sport Alpin<\/a><\/li><\/ul>\n\n\n\n<hr class=\"wp-block-separator\"\/>\n\n\n\n<p><br><strong>Winterwandern und Schneeschuhwandern in Werfenweng<\/strong><\/p>\n\n\n\n<p>Genie\u00dfen Sie unsere herrliche Natur auf pr\u00e4parierten\u00a0<a href=\"https:\/\/www.werfenweng.eu\/Winter\/winterwanderungen.php\" target=\"_blank\" rel=\"noreferrer noopener\">Winterwanderwegen<\/a>\u00a0oder ziehen Sie Ihre eigenen Spuren mit\u00a0<a href=\"https:\/\/www.werfenweng.eu\/Winter\/schneeschuhwandern.php\" target=\"_blank\" rel=\"noreferrer noopener\">Schneeschuhen<\/a>\u00a0durch die Winterlandschaft. Abseits der Stra\u00dfen k\u00f6nnen Sie sich auch bequem mit\u00a0<a href=\"https:\/\/www.werfenweng.eu\/Winter\/pferdeschlittenfahrt.php\" target=\"_blank\" rel=\"noreferrer noopener\">Pferdeschlitten<\/a>\u00a0durch das Tal kutschieren lassen.<\/p>\n\n\n\n<hr class=\"wp-block-separator\"\/>\n\n\n\n<p><strong>Langlaufen in Werfenweng<\/strong><\/p>\n\n\n\n<p>Der Einstieg in ein bestens pr\u00e4pariertes\u00a0<a href=\"https:\/\/www.werfenweng.eu\/Winter\/langlaufen.php\" target=\"_blank\" rel=\"noreferrer noopener\">Loipennetz<\/a>\u00a0f\u00fcr Anf\u00e4nger und ambitionierte Sportler ist direkt vor der Haust\u00fcr m\u00f6glich. Ein atemberaubendes Panorama erwartet Sie.<\/p>\n\n\n\n<hr class=\"wp-block-separator\"\/>\n\n\n\n<p><strong>Rodeln in Werfenweng<\/strong><\/p>\n\n\n\n<p>F\u00fcnf&nbsp;<a href=\"https:\/\/www.werfenweng.eu\/Winter\/rodeln.php\" target=\"_blank\" rel=\"noreferrer noopener\">Rodelm\u00f6glichkeiten<\/a>, vom Kinderrodelhang bis zur 6km langen Rodelbahn von der Strussing Alm, sowie Flutlichtrodeln am Abend mitten im Ort &#8211; f\u00fcr Vergn\u00fcgen ist gesorgt.<\/p>\n\n\n\n<hr class=\"wp-block-separator\"\/>\n\n\n\n<p><strong>Thermen und Wellness rund um Werfenweng<\/strong><\/p>\n\n\n\n<p>G\u00f6nnen Sie sich eine Pause und lassen Sie die Seele baumeln in einer unserer nahegelegenen Thermen und Wellnesswelten.<\/p>\n\n\n\n<ul class=\"wp-block-list\"><li><a href=\"http:\/\/www.thermeamade.at\/\" target=\"_blank\" rel=\"noreferrer noopener\">Erlebnistherme Amad\u00e9 Altenmarkt<\/a>\u00a0(rd. 25km)<\/li><li><a href=\"https:\/\/www.aqua-salza.at\" target=\"_blank\" rel=\"noreferrer noopener\">Aqua Salza Golling<\/a>\u00a0(rd. 25km)<\/li><li><a href=\"http:\/\/www.alpentherme.com\/de\" target=\"_blank\" rel=\"noreferrer noopener\">Alpentherme Gastein<\/a>\u00a0(rd. 50km)<\/li><li><a href=\"http:\/\/www.felsentherme.com\/\" target=\"_blank\" rel=\"noreferrer noopener\">Felsentherme Bad Gastein<\/a>\u00a0(rd. 55km)<\/li><\/ul>\n","protected":false},"excerpt":{"rendered":"<p>Skifahren in Werfenweng Das Familienskigebiet am Tennengebirge &#8211; ein Paradies f\u00fcr Skifahrer, Boarder, Paragleiter, Rodler und Spazierg\u00e4nger. Die Rosnerk\u00f6pfl-Dorfbahn als Zubringerbahn zum Skigebiet&nbsp;der Bergbahnen Werfenweng&nbsp;sowie der kostenlose Skibus direkt in das rund 1 km entfernte Skigebiet sind zu Fu\u00df in wenigen Minuten erreichbar. Die Abfahrt ins Tal ist bis ca. 200m in Hausn\u00e4he m\u00f6glich.&nbsp; Bergbahnen &hellip; <\/p>\n<p class=\"link-more\"><a href=\"http:\/\/landhaussalzburg.eu\/index.php\/winter\/\" class=\"more-link\">Mehr <span class=\"screen-reader-text\">\u00fcber &#8222;Winter in Werfenweng &#8230;&#8220; <\/span>Lesen<\/a><\/p>\n","protected":false},"author":1,"featured_media":0,"parent":0,"menu_order":0,"comment_status":"closed","ping_status":"closed","template":"","meta":{"footnotes":""},"class_list":["post-19","page","type-page","status-publish","hentry"],"yoast_head":"<!-- This site is optimized with the Yoast SEO plugin v27.3 - https:\/\/yoast.com\/product\/yoast-seo-wordpress\/ -->\n<title>Winter in Werfenweng ... - landhaussalzburg.eu<\/title>\n<meta name=\"robots\" content=\"index, follow, max-snippet:-1, max-image-preview:large, max-video-preview:-1\" \/>\n<link rel=\"canonical\" href=\"http:\/\/landhaussalzburg.eu\/index.php\/winter\/\" \/>\n<meta property=\"og:locale\" content=\"de_DE\" \/>\n<meta property=\"og:type\" content=\"article\" \/>\n<meta property=\"og:title\" content=\"Winter in Werfenweng ... - landhaussalzburg.eu\" \/>\n<meta property=\"og:description\" content=\"Skifahren in Werfenweng Das Familienskigebiet am Tennengebirge &#8211; ein Paradies f\u00fcr Skifahrer, Boarder, Paragleiter, Rodler und Spazierg\u00e4nger. Die Rosnerk\u00f6pfl-Dorfbahn als Zubringerbahn zum Skigebiet&nbsp;der Bergbahnen Werfenweng&nbsp;sowie der kostenlose Skibus direkt in das rund 1 km entfernte Skigebiet sind zu Fu\u00df in wenigen Minuten erreichbar. Die Abfahrt ins Tal ist bis ca. 200m in Hausn\u00e4he m\u00f6glich.&nbsp; Bergbahnen &hellip; Mehr \u00fcber &quot;Winter in Werfenweng &#8230;&quot; Lesen\" \/>\n<meta property=\"og:url\" content=\"http:\/\/landhaussalzburg.eu\/index.php\/winter\/\" \/>\n<meta property=\"og:site_name\" content=\"landhaussalzburg.eu\" \/>\n<meta property=\"article:modified_time\" content=\"2021-10-16T15:55:30+00:00\" \/>\n<meta property=\"og:image\" content=\"https:\/\/i2.wp.com\/landhaussalzburg.eu\/home\/wp-content\/uploads\/2021\/10\/Bischling-4-1024x771.png\" \/>\n<meta name=\"twitter:card\" content=\"summary_large_image\" \/>\n<meta name=\"twitter:label1\" content=\"Gesch\u00e4tzte Lesezeit\" \/>\n\t<meta name=\"twitter:data1\" content=\"3\u00a0Minuten\" \/>\n<script type=\"application\/ld+json\" class=\"yoast-schema-graph\">{\"@context\":\"https:\\\/\\\/schema.org\",\"@graph\":[{\"@type\":\"WebPage\",\"@id\":\"http:\\\/\\\/landhaussalzburg.eu\\\/index.php\\\/winter\\\/\",\"url\":\"http:\\\/\\\/landhaussalzburg.eu\\\/index.php\\\/winter\\\/\",\"name\":\"Winter in Werfenweng ... - landhaussalzburg.eu\",\"isPartOf\":{\"@id\":\"http:\\\/\\\/landhaussalzburg.eu\\\/#website\"},\"primaryImageOfPage\":{\"@id\":\"http:\\\/\\\/landhaussalzburg.eu\\\/index.php\\\/winter\\\/#primaryimage\"},\"image\":{\"@id\":\"http:\\\/\\\/landhaussalzburg.eu\\\/index.php\\\/winter\\\/#primaryimage\"},\"thumbnailUrl\":\"https:\\\/\\\/i2.wp.com\\\/landhaussalzburg.eu\\\/home\\\/wp-content\\\/uploads\\\/2021\\\/10\\\/Bischling-4-1024x771.png\",\"datePublished\":\"2021-10-13T20:01:13+00:00\",\"dateModified\":\"2021-10-16T15:55:30+00:00\",\"breadcrumb\":{\"@id\":\"http:\\\/\\\/landhaussalzburg.eu\\\/index.php\\\/winter\\\/#breadcrumb\"},\"inLanguage\":\"de\",\"potentialAction\":[{\"@type\":\"ReadAction\",\"target\":[\"http:\\\/\\\/landhaussalzburg.eu\\\/index.php\\\/winter\\\/\"]}]},{\"@type\":\"ImageObject\",\"inLanguage\":\"de\",\"@id\":\"http:\\\/\\\/landhaussalzburg.eu\\\/index.php\\\/winter\\\/#primaryimage\",\"url\":\"https:\\\/\\\/i2.wp.com\\\/landhaussalzburg.eu\\\/home\\\/wp-content\\\/uploads\\\/2021\\\/10\\\/Bischling-4-1024x771.png\",\"contentUrl\":\"https:\\\/\\\/i2.wp.com\\\/landhaussalzburg.eu\\\/home\\\/wp-content\\\/uploads\\\/2021\\\/10\\\/Bischling-4-1024x771.png\"},{\"@type\":\"BreadcrumbList\",\"@id\":\"http:\\\/\\\/landhaussalzburg.eu\\\/index.php\\\/winter\\\/#breadcrumb\",\"itemListElement\":[{\"@type\":\"ListItem\",\"position\":1,\"name\":\"Startseite\",\"item\":\"http:\\\/\\\/landhaussalzburg.eu\\\/\"},{\"@type\":\"ListItem\",\"position\":2,\"name\":\"Winter in Werfenweng &#8230;\"}]},{\"@type\":\"WebSite\",\"@id\":\"http:\\\/\\\/landhaussalzburg.eu\\\/#website\",\"url\":\"http:\\\/\\\/landhaussalzburg.eu\\\/\",\"name\":\"Landhaus Salzburg, Werfenweng\",\"description\":\"Just another WordPress site\",\"publisher\":{\"@id\":\"http:\\\/\\\/landhaussalzburg.eu\\\/#organization\"},\"potentialAction\":[{\"@type\":\"SearchAction\",\"target\":{\"@type\":\"EntryPoint\",\"urlTemplate\":\"http:\\\/\\\/landhaussalzburg.eu\\\/?s={search_term_string}\"},\"query-input\":{\"@type\":\"PropertyValueSpecification\",\"valueRequired\":true,\"valueName\":\"search_term_string\"}}],\"inLanguage\":\"de\"},{\"@type\":\"Organization\",\"@id\":\"http:\\\/\\\/landhaussalzburg.eu\\\/#organization\",\"name\":\"Landhaus Salzburg, Werfenweng\",\"url\":\"http:\\\/\\\/landhaussalzburg.eu\\\/\",\"logo\":{\"@type\":\"ImageObject\",\"inLanguage\":\"de\",\"@id\":\"http:\\\/\\\/landhaussalzburg.eu\\\/#\\\/schema\\\/logo\\\/image\\\/\",\"url\":\"https:\\\/\\\/i2.wp.com\\\/landhaussalzburg.eu\\\/wp-content\\\/uploads\\\/2021\\\/10\\\/Haus-Sommer-1-2-scaled.jpg?fit=2560%2C1920\",\"contentUrl\":\"https:\\\/\\\/i2.wp.com\\\/landhaussalzburg.eu\\\/wp-content\\\/uploads\\\/2021\\\/10\\\/Haus-Sommer-1-2-scaled.jpg?fit=2560%2C1920\",\"width\":2560,\"height\":1920,\"caption\":\"Landhaus Salzburg, Werfenweng\"},\"image\":{\"@id\":\"http:\\\/\\\/landhaussalzburg.eu\\\/#\\\/schema\\\/logo\\\/image\\\/\"}}]}<\/script>\n<!-- \/ Yoast SEO plugin. -->","yoast_head_json":{"title":"Winter in Werfenweng ... - landhaussalzburg.eu","robots":{"index":"index","follow":"follow","max-snippet":"max-snippet:-1","max-image-preview":"max-image-preview:large","max-video-preview":"max-video-preview:-1"},"canonical":"http:\/\/landhaussalzburg.eu\/index.php\/winter\/","og_locale":"de_DE","og_type":"article","og_title":"Winter in Werfenweng ... - landhaussalzburg.eu","og_description":"Skifahren in Werfenweng Das Familienskigebiet am Tennengebirge &#8211; ein Paradies f\u00fcr Skifahrer, Boarder, Paragleiter, Rodler und Spazierg\u00e4nger. Die Rosnerk\u00f6pfl-Dorfbahn als Zubringerbahn zum Skigebiet&nbsp;der Bergbahnen Werfenweng&nbsp;sowie der kostenlose Skibus direkt in das rund 1 km entfernte Skigebiet sind zu Fu\u00df in wenigen Minuten erreichbar. Die Abfahrt ins Tal ist bis ca. 200m in Hausn\u00e4he m\u00f6glich.&nbsp; Bergbahnen &hellip; Mehr \u00fcber \"Winter in Werfenweng &#8230;\" Lesen","og_url":"http:\/\/landhaussalzburg.eu\/index.php\/winter\/","og_site_name":"landhaussalzburg.eu","article_modified_time":"2021-10-16T15:55:30+00:00","og_image":[{"url":"https:\/\/i2.wp.com\/landhaussalzburg.eu\/home\/wp-content\/uploads\/2021\/10\/Bischling-4-1024x771.png","type":"","width":"","height":""}],"twitter_card":"summary_large_image","twitter_misc":{"Gesch\u00e4tzte Lesezeit":"3\u00a0Minuten"},"schema":{"@context":"https:\/\/schema.org","@graph":[{"@type":"WebPage","@id":"http:\/\/landhaussalzburg.eu\/index.php\/winter\/","url":"http:\/\/landhaussalzburg.eu\/index.php\/winter\/","name":"Winter in Werfenweng ... - landhaussalzburg.eu","isPartOf":{"@id":"http:\/\/landhaussalzburg.eu\/#website"},"primaryImageOfPage":{"@id":"http:\/\/landhaussalzburg.eu\/index.php\/winter\/#primaryimage"},"image":{"@id":"http:\/\/landhaussalzburg.eu\/index.php\/winter\/#primaryimage"},"thumbnailUrl":"https:\/\/i2.wp.com\/landhaussalzburg.eu\/home\/wp-content\/uploads\/2021\/10\/Bischling-4-1024x771.png","datePublished":"2021-10-13T20:01:13+00:00","dateModified":"2021-10-16T15:55:30+00:00","breadcrumb":{"@id":"http:\/\/landhaussalzburg.eu\/index.php\/winter\/#breadcrumb"},"inLanguage":"de","potentialAction":[{"@type":"ReadAction","target":["http:\/\/landhaussalzburg.eu\/index.php\/winter\/"]}]},{"@type":"ImageObject","inLanguage":"de","@id":"http:\/\/landhaussalzburg.eu\/index.php\/winter\/#primaryimage","url":"https:\/\/i2.wp.com\/landhaussalzburg.eu\/home\/wp-content\/uploads\/2021\/10\/Bischling-4-1024x771.png","contentUrl":"https:\/\/i2.wp.com\/landhaussalzburg.eu\/home\/wp-content\/uploads\/2021\/10\/Bischling-4-1024x771.png"},{"@type":"BreadcrumbList","@id":"http:\/\/landhaussalzburg.eu\/index.php\/winter\/#breadcrumb","itemListElement":[{"@type":"ListItem","position":1,"name":"Startseite","item":"http:\/\/landhaussalzburg.eu\/"},{"@type":"ListItem","position":2,"name":"Winter in Werfenweng &#8230;"}]},{"@type":"WebSite","@id":"http:\/\/landhaussalzburg.eu\/#website","url":"http:\/\/landhaussalzburg.eu\/","name":"Landhaus Salzburg, Werfenweng","description":"Just another WordPress site","publisher":{"@id":"http:\/\/landhaussalzburg.eu\/#organization"},"potentialAction":[{"@type":"SearchAction","target":{"@type":"EntryPoint","urlTemplate":"http:\/\/landhaussalzburg.eu\/?s={search_term_string}"},"query-input":{"@type":"PropertyValueSpecification","valueRequired":true,"valueName":"search_term_string"}}],"inLanguage":"de"},{"@type":"Organization","@id":"http:\/\/landhaussalzburg.eu\/#organization","name":"Landhaus Salzburg, Werfenweng","url":"http:\/\/landhaussalzburg.eu\/","logo":{"@type":"ImageObject","inLanguage":"de","@id":"http:\/\/landhaussalzburg.eu\/#\/schema\/logo\/image\/","url":"https:\/\/i2.wp.com\/landhaussalzburg.eu\/wp-content\/uploads\/2021\/10\/Haus-Sommer-1-2-scaled.jpg?fit=2560%2C1920","contentUrl":"https:\/\/i2.wp.com\/landhaussalzburg.eu\/wp-content\/uploads\/2021\/10\/Haus-Sommer-1-2-scaled.jpg?fit=2560%2C1920","width":2560,"height":1920,"caption":"Landhaus Salzburg, Werfenweng"},"image":{"@id":"http:\/\/landhaussalzburg.eu\/#\/schema\/logo\/image\/"}}]}},"jetpack_sharing_enabled":true,"_links":{"self":[{"href":"http:\/\/landhaussalzburg.eu\/index.php\/wp-json\/wp\/v2\/pages\/19","targetHints":{"allow":["GET"]}}],"collection":[{"href":"http:\/\/landhaussalzburg.eu\/index.php\/wp-json\/wp\/v2\/pages"}],"about":[{"href":"http:\/\/landhaussalzburg.eu\/index.php\/wp-json\/wp\/v2\/types\/page"}],"author":[{"embeddable":true,"href":"http:\/\/landhaussalzburg.eu\/index.php\/wp-json\/wp\/v2\/users\/1"}],"replies":[{"embeddable":true,"href":"http:\/\/landhaussalzburg.eu\/index.php\/wp-json\/wp\/v2\/comments?post=19"}],"version-history":[{"count":10,"href":"http:\/\/landhaussalzburg.eu\/index.php\/wp-json\/wp\/v2\/pages\/19\/revisions"}],"predecessor-version":[{"id":211,"href":"http:\/\/landhaussalzburg.eu\/index.php\/wp-json\/wp\/v2\/pages\/19\/revisions\/211"}],"wp:attachment":[{"href":"http:\/\/landhaussalzburg.eu\/index.php\/wp-json\/wp\/v2\/media?parent=19"}],"curies":[{"name":"wp","href":"https:\/\/api.w.org\/{rel}","templated":true}]}}