{"id":18,"date":"2021-10-13T20:01:13","date_gmt":"2021-10-13T20:01:13","guid":{"rendered":"http:\/\/landhaussalzburg.eu\/home\/?page_id=18"},"modified":"2021-10-16T15:25:52","modified_gmt":"2021-10-16T15:25:52","slug":"sommer","status":"publish","type":"page","link":"http:\/\/landhaussalzburg.eu\/index.php\/sommer\/","title":{"rendered":"Sommer in Werfenweng &#8230;"},"content":{"rendered":"\n<div class=\"wp-block-jetpack-tiled-gallery aligncenter is-style-rectangular\"><div class=\"tiled-gallery__gallery\"><div class=\"tiled-gallery__row\"><div class=\"tiled-gallery__col\" style=\"flex-basis:60.45402%\"><figure class=\"tiled-gallery__item\"><img decoding=\"async\" srcset=\"https:\/\/i0.wp.com\/landhaussalzburg.eu\/home\/wp-content\/uploads\/2021\/10\/Werfenweng-4-1024x768.jpg?strip=info&#038;w=600 600w,https:\/\/i0.wp.com\/landhaussalzburg.eu\/home\/wp-content\/uploads\/2021\/10\/Werfenweng-4-1024x768.jpg?strip=info&#038;w=900 900w,https:\/\/i0.wp.com\/landhaussalzburg.eu\/home\/wp-content\/uploads\/2021\/10\/Werfenweng-4-1024x768.jpg?strip=info&#038;w=1200 1200w,https:\/\/i0.wp.com\/landhaussalzburg.eu\/home\/wp-content\/uploads\/2021\/10\/Werfenweng-4-1024x768.jpg?strip=info&#038;w=1500 1500w,https:\/\/i0.wp.com\/landhaussalzburg.eu\/home\/wp-content\/uploads\/2021\/10\/Werfenweng-4-1024x768.jpg?strip=info&#038;w=1800 1800w,https:\/\/i0.wp.com\/landhaussalzburg.eu\/home\/wp-content\/uploads\/2021\/10\/Werfenweng-4-1024x768.jpg?strip=info&#038;w=2000 2000w\" alt=\"\" data-height=\"1920\" data-id=\"190\" data-link=\"http:\/\/landhaussalzburg.eu\/index.php\/sommer\/werfenweng-4\/\" data-url=\"http:\/\/landhaussalzburg.eu\/wp-content\/uploads\/2021\/10\/Werfenweng-4-1024x768.jpg\" data-width=\"2560\" src=\"https:\/\/i0.wp.com\/landhaussalzburg.eu\/home\/wp-content\/uploads\/2021\/10\/Werfenweng-4-1024x768.jpg\" data-amp-layout=\"responsive\"\/><\/figure><\/div><div class=\"tiled-gallery__col\" style=\"flex-basis:39.54598%\"><figure class=\"tiled-gallery__item\"><img decoding=\"async\" srcset=\"https:\/\/i2.wp.com\/landhaussalzburg.eu\/home\/wp-content\/uploads\/2021\/10\/Kuehe-1-892x1024.png?strip=info&#038;w=600 600w,https:\/\/i2.wp.com\/landhaussalzburg.eu\/home\/wp-content\/uploads\/2021\/10\/Kuehe-1-892x1024.png?strip=info&#038;w=900 900w,https:\/\/i2.wp.com\/landhaussalzburg.eu\/home\/wp-content\/uploads\/2021\/10\/Kuehe-1-892x1024.png?strip=info&#038;w=1200 1200w,https:\/\/i2.wp.com\/landhaussalzburg.eu\/home\/wp-content\/uploads\/2021\/10\/Kuehe-1-892x1024.png?strip=info&#038;w=1312 1312w\" alt=\"\" data-height=\"1506\" data-id=\"192\" data-link=\"http:\/\/landhaussalzburg.eu\/index.php\/sommer\/kuehe-1\/\" data-url=\"http:\/\/landhaussalzburg.eu\/wp-content\/uploads\/2021\/10\/Kuehe-1-892x1024.png\" data-width=\"1312\" src=\"https:\/\/i2.wp.com\/landhaussalzburg.eu\/home\/wp-content\/uploads\/2021\/10\/Kuehe-1-892x1024.png\" data-amp-layout=\"responsive\"\/><\/figure><\/div><\/div><div class=\"tiled-gallery__row\"><div class=\"tiled-gallery__col\" style=\"flex-basis:34.61616%\"><figure class=\"tiled-gallery__item\"><img decoding=\"async\" srcset=\"https:\/\/i0.wp.com\/landhaussalzburg.eu\/home\/wp-content\/uploads\/2021\/10\/Pilz-1-768x1024.jpg?strip=info&#038;w=600 600w,https:\/\/i0.wp.com\/landhaussalzburg.eu\/home\/wp-content\/uploads\/2021\/10\/Pilz-1-768x1024.jpg?strip=info&#038;w=900 900w,https:\/\/i0.wp.com\/landhaussalzburg.eu\/home\/wp-content\/uploads\/2021\/10\/Pilz-1-768x1024.jpg?strip=info&#038;w=1200 1200w,https:\/\/i0.wp.com\/landhaussalzburg.eu\/home\/wp-content\/uploads\/2021\/10\/Pilz-1-768x1024.jpg?strip=info&#038;w=1500 1500w,https:\/\/i0.wp.com\/landhaussalzburg.eu\/home\/wp-content\/uploads\/2021\/10\/Pilz-1-768x1024.jpg?strip=info&#038;w=1800 1800w,https:\/\/i0.wp.com\/landhaussalzburg.eu\/home\/wp-content\/uploads\/2021\/10\/Pilz-1-768x1024.jpg?strip=info&#038;w=1920 1920w\" alt=\"\" data-height=\"2560\" data-id=\"191\" data-link=\"http:\/\/landhaussalzburg.eu\/index.php\/sommer\/pilz-1\/\" data-url=\"http:\/\/landhaussalzburg.eu\/wp-content\/uploads\/2021\/10\/Pilz-1-768x1024.jpg\" data-width=\"1920\" src=\"https:\/\/i0.wp.com\/landhaussalzburg.eu\/home\/wp-content\/uploads\/2021\/10\/Pilz-1-768x1024.jpg\" data-amp-layout=\"responsive\"\/><\/figure><\/div><div class=\"tiled-gallery__col\" style=\"flex-basis:30.76767%\"><figure class=\"tiled-gallery__item\"><img decoding=\"async\" srcset=\"https:\/\/i1.wp.com\/landhaussalzburg.eu\/home\/wp-content\/uploads\/2021\/10\/Kinder-9-683x1024.jpg?strip=info&#038;w=600 600w,https:\/\/i1.wp.com\/landhaussalzburg.eu\/home\/wp-content\/uploads\/2021\/10\/Kinder-9-683x1024.jpg?strip=info&#038;w=900 900w,https:\/\/i1.wp.com\/landhaussalzburg.eu\/home\/wp-content\/uploads\/2021\/10\/Kinder-9-683x1024.jpg?strip=info&#038;w=1200 1200w,https:\/\/i1.wp.com\/landhaussalzburg.eu\/home\/wp-content\/uploads\/2021\/10\/Kinder-9-683x1024.jpg?strip=info&#038;w=1500 1500w,https:\/\/i1.wp.com\/landhaussalzburg.eu\/home\/wp-content\/uploads\/2021\/10\/Kinder-9-683x1024.jpg?strip=info&#038;w=1706 1706w\" alt=\"\" data-height=\"2560\" data-id=\"188\" data-link=\"http:\/\/landhaussalzburg.eu\/index.php\/sommer\/kinder-9\/\" data-url=\"http:\/\/landhaussalzburg.eu\/wp-content\/uploads\/2021\/10\/Kinder-9-683x1024.jpg\" data-width=\"1706\" src=\"https:\/\/i1.wp.com\/landhaussalzburg.eu\/home\/wp-content\/uploads\/2021\/10\/Kinder-9-683x1024.jpg\" data-amp-layout=\"responsive\"\/><\/figure><\/div><div class=\"tiled-gallery__col\" style=\"flex-basis:34.61616%\"><figure class=\"tiled-gallery__item\"><img decoding=\"async\" srcset=\"https:\/\/i2.wp.com\/landhaussalzburg.eu\/home\/wp-content\/uploads\/2021\/10\/Werfenweng-3-1-768x1024.jpg?strip=info&#038;w=600 600w,https:\/\/i2.wp.com\/landhaussalzburg.eu\/home\/wp-content\/uploads\/2021\/10\/Werfenweng-3-1-768x1024.jpg?strip=info&#038;w=900 900w,https:\/\/i2.wp.com\/landhaussalzburg.eu\/home\/wp-content\/uploads\/2021\/10\/Werfenweng-3-1-768x1024.jpg?strip=info&#038;w=1200 1200w,https:\/\/i2.wp.com\/landhaussalzburg.eu\/home\/wp-content\/uploads\/2021\/10\/Werfenweng-3-1-768x1024.jpg?strip=info&#038;w=1500 1500w,https:\/\/i2.wp.com\/landhaussalzburg.eu\/home\/wp-content\/uploads\/2021\/10\/Werfenweng-3-1-768x1024.jpg?strip=info&#038;w=1800 1800w,https:\/\/i2.wp.com\/landhaussalzburg.eu\/home\/wp-content\/uploads\/2021\/10\/Werfenweng-3-1-768x1024.jpg?strip=info&#038;w=1920 1920w\" alt=\"\" data-height=\"2560\" data-id=\"193\" data-link=\"http:\/\/landhaussalzburg.eu\/index.php\/sommer\/werfenweng-3-1\/\" data-url=\"http:\/\/landhaussalzburg.eu\/wp-content\/uploads\/2021\/10\/Werfenweng-3-1-768x1024.jpg\" data-width=\"1920\" src=\"https:\/\/i2.wp.com\/landhaussalzburg.eu\/home\/wp-content\/uploads\/2021\/10\/Werfenweng-3-1-768x1024.jpg\" data-amp-layout=\"responsive\"\/><\/figure><\/div><\/div><div class=\"tiled-gallery__row\"><div class=\"tiled-gallery__col\" style=\"flex-basis:50.00000%\"><figure class=\"tiled-gallery__item\"><img decoding=\"async\" srcset=\"https:\/\/i2.wp.com\/landhaussalzburg.eu\/home\/wp-content\/uploads\/2021\/10\/Werfenweng-2-1-1024x768.jpg?strip=info&#038;w=600 600w,https:\/\/i2.wp.com\/landhaussalzburg.eu\/home\/wp-content\/uploads\/2021\/10\/Werfenweng-2-1-1024x768.jpg?strip=info&#038;w=900 900w,https:\/\/i2.wp.com\/landhaussalzburg.eu\/home\/wp-content\/uploads\/2021\/10\/Werfenweng-2-1-1024x768.jpg?strip=info&#038;w=1200 1200w,https:\/\/i2.wp.com\/landhaussalzburg.eu\/home\/wp-content\/uploads\/2021\/10\/Werfenweng-2-1-1024x768.jpg?strip=info&#038;w=1500 1500w,https:\/\/i2.wp.com\/landhaussalzburg.eu\/home\/wp-content\/uploads\/2021\/10\/Werfenweng-2-1-1024x768.jpg?strip=info&#038;w=1575 1575w\" alt=\"\" data-height=\"1181\" data-id=\"194\" data-link=\"http:\/\/landhaussalzburg.eu\/index.php\/sommer\/werfenweng-2-1\/\" data-url=\"http:\/\/landhaussalzburg.eu\/wp-content\/uploads\/2021\/10\/Werfenweng-2-1-1024x768.jpg\" data-width=\"1575\" src=\"https:\/\/i2.wp.com\/landhaussalzburg.eu\/home\/wp-content\/uploads\/2021\/10\/Werfenweng-2-1-1024x768.jpg\" data-amp-layout=\"responsive\"\/><\/figure><\/div><div class=\"tiled-gallery__col\" style=\"flex-basis:50.00000%\"><figure class=\"tiled-gallery__item\"><img decoding=\"async\" srcset=\"https:\/\/i0.wp.com\/landhaussalzburg.eu\/home\/wp-content\/uploads\/2021\/10\/Werfenweng-1-1-1024x768.jpg?strip=info&#038;w=600 600w,https:\/\/i0.wp.com\/landhaussalzburg.eu\/home\/wp-content\/uploads\/2021\/10\/Werfenweng-1-1-1024x768.jpg?strip=info&#038;w=900 900w,https:\/\/i0.wp.com\/landhaussalzburg.eu\/home\/wp-content\/uploads\/2021\/10\/Werfenweng-1-1-1024x768.jpg?strip=info&#038;w=1200 1200w,https:\/\/i0.wp.com\/landhaussalzburg.eu\/home\/wp-content\/uploads\/2021\/10\/Werfenweng-1-1-1024x768.jpg?strip=info&#038;w=1500 1500w,https:\/\/i0.wp.com\/landhaussalzburg.eu\/home\/wp-content\/uploads\/2021\/10\/Werfenweng-1-1-1024x768.jpg?strip=info&#038;w=1575 1575w\" alt=\"\" data-height=\"1181\" data-id=\"195\" data-link=\"http:\/\/landhaussalzburg.eu\/index.php\/sommer\/werfenweng-1-1\/\" data-url=\"http:\/\/landhaussalzburg.eu\/wp-content\/uploads\/2021\/10\/Werfenweng-1-1-1024x768.jpg\" data-width=\"1575\" src=\"https:\/\/i0.wp.com\/landhaussalzburg.eu\/home\/wp-content\/uploads\/2021\/10\/Werfenweng-1-1-1024x768.jpg\" data-amp-layout=\"responsive\"\/><\/figure><\/div><\/div><\/div><\/div>\n\n\n\n<p><br><br><strong>Beliebte Aktivit\u00e4ten in Werfenweng<\/strong><\/p>\n\n\n\n<ul class=\"wp-block-list\"><li>Wandern auf die <a href=\"https:\/\/www.werfenweng.eu\/Unterkunft\/almen.php\" target=\"_blank\" rel=\"noreferrer noopener\">Werfenwenger Almen und H\u00fctten<\/a><\/li><li>Im <a href=\"https:\/\/www.werfenweng.eu\/Das_ganze_Jahr\/Spazierhimmel.php\" target=\"_blank\" rel=\"noreferrer noopener\">Werfenwenger Spazierhimmel <\/a>die wohltuende Ruhe genie\u00dfen<\/li><li>Mit <a href=\"https:\/\/www.sport-alpin.info\/radverleih-und-service\/\" target=\"_blank\" rel=\"noreferrer noopener\">Mountain- und E-Bikes<\/a> die Landschaft erkunden<\/li><li>Entspannen im <a href=\"https:\/\/www.werfenweng.eu\/Ausflug\/231-Freizeitpark-Wengsee.html\" target=\"_blank\" rel=\"noreferrer noopener\">Freizeitpark Wengsee<\/a><\/li><li>Besondere Erlebnisse im <a href=\"https:\/\/www.deinberg.at\/\" target=\"_blank\" rel=\"noreferrer noopener\">Abenteuerpark Werfenweng<\/a><\/li><li>Panoramaerlebnis und <a href=\"https:\/\/www.bergbahnen-werfenweng.com\/sommer\/paragleiten\/fluggebiet\/\" target=\"_blank\" rel=\"noreferrer noopener\">Paragleitparadies am Bischling<\/a><\/li><li><a href=\"https:\/\/www.werfenweng.eu\/Ausflug\/214-Tennisplatz.html?pid=233\" target=\"_blank\" rel=\"noreferrer noopener\">Tennisspielen<\/a> mit Blick auf die Berge<\/li><\/ul>\n\n\n\n<p><br><br><strong>Beliebte Ausflugsziele rund um Werfenweng<\/strong><\/p>\n\n\n\n<ul class=\"wp-block-list\"><li><a href=\"http:\/\/www.salzburg.info\/de\/\" target=\"_blank\" rel=\"noreferrer noopener\">Salzburg Stadt<\/a>&nbsp;(rd. 50km)<\/li><li><a href=\"http:\/\/www.salzburg-burgen.at\/de\/werfen\/\" target=\"_blank\" rel=\"noreferrer noopener\">Burg Hohenwerfen<\/a>&nbsp;(rd. 7km)<\/li><li><a href=\"http:\/\/www.eisriesenwelt.at\/\" target=\"_blank\" rel=\"noreferrer noopener\">Eisriesenwelt Werfen<\/a>&nbsp;(rd. 10km)<\/li><li><a href=\"http:\/\/www.liechtensteinklamm.at\/\" target=\"_blank\" rel=\"noreferrer noopener\">Liechtensteinklamm<\/a>&nbsp;(rd. 20km)<\/li><li><a href=\"http:\/\/www.salzwelten.at\/de\/hallein\/bergwerk\/\" target=\"_blank\" rel=\"noreferrer noopener\">Salzwelten Hallein<\/a>&nbsp;(rd. 30km)<\/li><li><a href=\"http:\/\/www.grossglockner.at\/\" target=\"_blank\" rel=\"noreferrer noopener\">Gro\u00dfglockner Hochalpenstra\u00dfe<\/a>&nbsp;(rd. 40km)<\/li><li><a href=\"http:\/\/www.salzkammergut.at\/\" target=\"_blank\" rel=\"noreferrer noopener\">Salzkammergut<\/a>&nbsp;(rd. 60km)<\/li><\/ul>\n","protected":false},"excerpt":{"rendered":"<p>Beliebte Aktivit\u00e4ten in Werfenweng Wandern auf die Werfenwenger Almen und H\u00fctten Im Werfenwenger Spazierhimmel die wohltuende Ruhe genie\u00dfen Mit Mountain- und E-Bikes die Landschaft erkunden Entspannen im Freizeitpark Wengsee Besondere Erlebnisse im Abenteuerpark Werfenweng Panoramaerlebnis und Paragleitparadies am Bischling Tennisspielen mit Blick auf die Berge Beliebte Ausflugsziele rund um Werfenweng Salzburg Stadt&nbsp;(rd. 50km) Burg Hohenwerfen&nbsp;(rd. &hellip; <\/p>\n<p class=\"link-more\"><a href=\"http:\/\/landhaussalzburg.eu\/index.php\/sommer\/\" class=\"more-link\">Mehr <span class=\"screen-reader-text\">\u00fcber &#8222;Sommer in Werfenweng &#8230;&#8220; <\/span>Lesen<\/a><\/p>\n","protected":false},"author":1,"featured_media":0,"parent":0,"menu_order":0,"comment_status":"closed","ping_status":"closed","template":"","meta":{"footnotes":""},"class_list":["post-18","page","type-page","status-publish","hentry"],"yoast_head":"<!-- This site is optimized with the Yoast SEO plugin v27.5 - https:\/\/yoast.com\/product\/yoast-seo-wordpress\/ -->\n<title>Sommer in Werfenweng ... - landhaussalzburg.eu<\/title>\n<meta name=\"robots\" content=\"index, follow, max-snippet:-1, max-image-preview:large, max-video-preview:-1\" \/>\n<link rel=\"canonical\" href=\"http:\/\/landhaussalzburg.eu\/index.php\/sommer\/\" \/>\n<meta property=\"og:locale\" content=\"de_DE\" \/>\n<meta property=\"og:type\" content=\"article\" \/>\n<meta property=\"og:title\" content=\"Sommer in Werfenweng ... - landhaussalzburg.eu\" \/>\n<meta property=\"og:description\" content=\"Beliebte Aktivit\u00e4ten in Werfenweng Wandern auf die Werfenwenger Almen und H\u00fctten Im Werfenwenger Spazierhimmel die wohltuende Ruhe genie\u00dfen Mit Mountain- und E-Bikes die Landschaft erkunden Entspannen im Freizeitpark Wengsee Besondere Erlebnisse im Abenteuerpark Werfenweng Panoramaerlebnis und Paragleitparadies am Bischling Tennisspielen mit Blick auf die Berge Beliebte Ausflugsziele rund um Werfenweng Salzburg Stadt&nbsp;(rd. 50km) Burg Hohenwerfen&nbsp;(rd. &hellip; Mehr \u00fcber &quot;Sommer in Werfenweng &#8230;&quot; Lesen\" \/>\n<meta property=\"og:url\" content=\"http:\/\/landhaussalzburg.eu\/index.php\/sommer\/\" \/>\n<meta property=\"og:site_name\" content=\"landhaussalzburg.eu\" \/>\n<meta property=\"article:modified_time\" content=\"2021-10-16T15:25:52+00:00\" \/>\n<meta property=\"og:image\" content=\"https:\/\/i0.wp.com\/landhaussalzburg.eu\/home\/wp-content\/uploads\/2021\/10\/Werfenweng-4-1024x768.jpg\" \/>\n<meta name=\"twitter:card\" content=\"summary_large_image\" \/>\n<meta name=\"twitter:label1\" content=\"Gesch\u00e4tzte Lesezeit\" \/>\n\t<meta name=\"twitter:data1\" content=\"2\u00a0Minuten\" \/>\n<script type=\"application\/ld+json\" class=\"yoast-schema-graph\">{\"@context\":\"https:\\\/\\\/schema.org\",\"@graph\":[{\"@type\":\"WebPage\",\"@id\":\"http:\\\/\\\/landhaussalzburg.eu\\\/index.php\\\/sommer\\\/\",\"url\":\"http:\\\/\\\/landhaussalzburg.eu\\\/index.php\\\/sommer\\\/\",\"name\":\"Sommer in Werfenweng ... - landhaussalzburg.eu\",\"isPartOf\":{\"@id\":\"http:\\\/\\\/landhaussalzburg.eu\\\/#website\"},\"primaryImageOfPage\":{\"@id\":\"http:\\\/\\\/landhaussalzburg.eu\\\/index.php\\\/sommer\\\/#primaryimage\"},\"image\":{\"@id\":\"http:\\\/\\\/landhaussalzburg.eu\\\/index.php\\\/sommer\\\/#primaryimage\"},\"thumbnailUrl\":\"https:\\\/\\\/i0.wp.com\\\/landhaussalzburg.eu\\\/home\\\/wp-content\\\/uploads\\\/2021\\\/10\\\/Werfenweng-4-1024x768.jpg\",\"datePublished\":\"2021-10-13T20:01:13+00:00\",\"dateModified\":\"2021-10-16T15:25:52+00:00\",\"breadcrumb\":{\"@id\":\"http:\\\/\\\/landhaussalzburg.eu\\\/index.php\\\/sommer\\\/#breadcrumb\"},\"inLanguage\":\"de\",\"potentialAction\":[{\"@type\":\"ReadAction\",\"target\":[\"http:\\\/\\\/landhaussalzburg.eu\\\/index.php\\\/sommer\\\/\"]}]},{\"@type\":\"ImageObject\",\"inLanguage\":\"de\",\"@id\":\"http:\\\/\\\/landhaussalzburg.eu\\\/index.php\\\/sommer\\\/#primaryimage\",\"url\":\"https:\\\/\\\/i0.wp.com\\\/landhaussalzburg.eu\\\/home\\\/wp-content\\\/uploads\\\/2021\\\/10\\\/Werfenweng-4-1024x768.jpg\",\"contentUrl\":\"https:\\\/\\\/i0.wp.com\\\/landhaussalzburg.eu\\\/home\\\/wp-content\\\/uploads\\\/2021\\\/10\\\/Werfenweng-4-1024x768.jpg\"},{\"@type\":\"BreadcrumbList\",\"@id\":\"http:\\\/\\\/landhaussalzburg.eu\\\/index.php\\\/sommer\\\/#breadcrumb\",\"itemListElement\":[{\"@type\":\"ListItem\",\"position\":1,\"name\":\"Startseite\",\"item\":\"http:\\\/\\\/landhaussalzburg.eu\\\/\"},{\"@type\":\"ListItem\",\"position\":2,\"name\":\"Sommer in Werfenweng &#8230;\"}]},{\"@type\":\"WebSite\",\"@id\":\"http:\\\/\\\/landhaussalzburg.eu\\\/#website\",\"url\":\"http:\\\/\\\/landhaussalzburg.eu\\\/\",\"name\":\"Landhaus Salzburg, Werfenweng\",\"description\":\"Just another WordPress site\",\"publisher\":{\"@id\":\"http:\\\/\\\/landhaussalzburg.eu\\\/#organization\"},\"potentialAction\":[{\"@type\":\"SearchAction\",\"target\":{\"@type\":\"EntryPoint\",\"urlTemplate\":\"http:\\\/\\\/landhaussalzburg.eu\\\/?s={search_term_string}\"},\"query-input\":{\"@type\":\"PropertyValueSpecification\",\"valueRequired\":true,\"valueName\":\"search_term_string\"}}],\"inLanguage\":\"de\"},{\"@type\":\"Organization\",\"@id\":\"http:\\\/\\\/landhaussalzburg.eu\\\/#organization\",\"name\":\"Landhaus Salzburg, Werfenweng\",\"url\":\"http:\\\/\\\/landhaussalzburg.eu\\\/\",\"logo\":{\"@type\":\"ImageObject\",\"inLanguage\":\"de\",\"@id\":\"http:\\\/\\\/landhaussalzburg.eu\\\/#\\\/schema\\\/logo\\\/image\\\/\",\"url\":\"https:\\\/\\\/i2.wp.com\\\/landhaussalzburg.eu\\\/wp-content\\\/uploads\\\/2021\\\/10\\\/Haus-Sommer-1-2-scaled.jpg?fit=2560%2C1920\",\"contentUrl\":\"https:\\\/\\\/i2.wp.com\\\/landhaussalzburg.eu\\\/wp-content\\\/uploads\\\/2021\\\/10\\\/Haus-Sommer-1-2-scaled.jpg?fit=2560%2C1920\",\"width\":2560,\"height\":1920,\"caption\":\"Landhaus Salzburg, Werfenweng\"},\"image\":{\"@id\":\"http:\\\/\\\/landhaussalzburg.eu\\\/#\\\/schema\\\/logo\\\/image\\\/\"}}]}<\/script>\n<!-- \/ Yoast SEO plugin. -->","yoast_head_json":{"title":"Sommer in Werfenweng ... - landhaussalzburg.eu","robots":{"index":"index","follow":"follow","max-snippet":"max-snippet:-1","max-image-preview":"max-image-preview:large","max-video-preview":"max-video-preview:-1"},"canonical":"http:\/\/landhaussalzburg.eu\/index.php\/sommer\/","og_locale":"de_DE","og_type":"article","og_title":"Sommer in Werfenweng ... - landhaussalzburg.eu","og_description":"Beliebte Aktivit\u00e4ten in Werfenweng Wandern auf die Werfenwenger Almen und H\u00fctten Im Werfenwenger Spazierhimmel die wohltuende Ruhe genie\u00dfen Mit Mountain- und E-Bikes die Landschaft erkunden Entspannen im Freizeitpark Wengsee Besondere Erlebnisse im Abenteuerpark Werfenweng Panoramaerlebnis und Paragleitparadies am Bischling Tennisspielen mit Blick auf die Berge Beliebte Ausflugsziele rund um Werfenweng Salzburg Stadt&nbsp;(rd. 50km) Burg Hohenwerfen&nbsp;(rd. &hellip; Mehr \u00fcber \"Sommer in Werfenweng &#8230;\" Lesen","og_url":"http:\/\/landhaussalzburg.eu\/index.php\/sommer\/","og_site_name":"landhaussalzburg.eu","article_modified_time":"2021-10-16T15:25:52+00:00","og_image":[{"url":"https:\/\/i0.wp.com\/landhaussalzburg.eu\/home\/wp-content\/uploads\/2021\/10\/Werfenweng-4-1024x768.jpg","type":"","width":"","height":""}],"twitter_card":"summary_large_image","twitter_misc":{"Gesch\u00e4tzte Lesezeit":"2\u00a0Minuten"},"schema":{"@context":"https:\/\/schema.org","@graph":[{"@type":"WebPage","@id":"http:\/\/landhaussalzburg.eu\/index.php\/sommer\/","url":"http:\/\/landhaussalzburg.eu\/index.php\/sommer\/","name":"Sommer in Werfenweng ... - landhaussalzburg.eu","isPartOf":{"@id":"http:\/\/landhaussalzburg.eu\/#website"},"primaryImageOfPage":{"@id":"http:\/\/landhaussalzburg.eu\/index.php\/sommer\/#primaryimage"},"image":{"@id":"http:\/\/landhaussalzburg.eu\/index.php\/sommer\/#primaryimage"},"thumbnailUrl":"https:\/\/i0.wp.com\/landhaussalzburg.eu\/home\/wp-content\/uploads\/2021\/10\/Werfenweng-4-1024x768.jpg","datePublished":"2021-10-13T20:01:13+00:00","dateModified":"2021-10-16T15:25:52+00:00","breadcrumb":{"@id":"http:\/\/landhaussalzburg.eu\/index.php\/sommer\/#breadcrumb"},"inLanguage":"de","potentialAction":[{"@type":"ReadAction","target":["http:\/\/landhaussalzburg.eu\/index.php\/sommer\/"]}]},{"@type":"ImageObject","inLanguage":"de","@id":"http:\/\/landhaussalzburg.eu\/index.php\/sommer\/#primaryimage","url":"https:\/\/i0.wp.com\/landhaussalzburg.eu\/home\/wp-content\/uploads\/2021\/10\/Werfenweng-4-1024x768.jpg","contentUrl":"https:\/\/i0.wp.com\/landhaussalzburg.eu\/home\/wp-content\/uploads\/2021\/10\/Werfenweng-4-1024x768.jpg"},{"@type":"BreadcrumbList","@id":"http:\/\/landhaussalzburg.eu\/index.php\/sommer\/#breadcrumb","itemListElement":[{"@type":"ListItem","position":1,"name":"Startseite","item":"http:\/\/landhaussalzburg.eu\/"},{"@type":"ListItem","position":2,"name":"Sommer in Werfenweng &#8230;"}]},{"@type":"WebSite","@id":"http:\/\/landhaussalzburg.eu\/#website","url":"http:\/\/landhaussalzburg.eu\/","name":"Landhaus Salzburg, Werfenweng","description":"Just another WordPress site","publisher":{"@id":"http:\/\/landhaussalzburg.eu\/#organization"},"potentialAction":[{"@type":"SearchAction","target":{"@type":"EntryPoint","urlTemplate":"http:\/\/landhaussalzburg.eu\/?s={search_term_string}"},"query-input":{"@type":"PropertyValueSpecification","valueRequired":true,"valueName":"search_term_string"}}],"inLanguage":"de"},{"@type":"Organization","@id":"http:\/\/landhaussalzburg.eu\/#organization","name":"Landhaus Salzburg, Werfenweng","url":"http:\/\/landhaussalzburg.eu\/","logo":{"@type":"ImageObject","inLanguage":"de","@id":"http:\/\/landhaussalzburg.eu\/#\/schema\/logo\/image\/","url":"https:\/\/i2.wp.com\/landhaussalzburg.eu\/wp-content\/uploads\/2021\/10\/Haus-Sommer-1-2-scaled.jpg?fit=2560%2C1920","contentUrl":"https:\/\/i2.wp.com\/landhaussalzburg.eu\/wp-content\/uploads\/2021\/10\/Haus-Sommer-1-2-scaled.jpg?fit=2560%2C1920","width":2560,"height":1920,"caption":"Landhaus Salzburg, Werfenweng"},"image":{"@id":"http:\/\/landhaussalzburg.eu\/#\/schema\/logo\/image\/"}}]}},"jetpack_sharing_enabled":true,"_links":{"self":[{"href":"http:\/\/landhaussalzburg.eu\/index.php\/wp-json\/wp\/v2\/pages\/18","targetHints":{"allow":["GET"]}}],"collection":[{"href":"http:\/\/landhaussalzburg.eu\/index.php\/wp-json\/wp\/v2\/pages"}],"about":[{"href":"http:\/\/landhaussalzburg.eu\/index.php\/wp-json\/wp\/v2\/types\/page"}],"author":[{"embeddable":true,"href":"http:\/\/landhaussalzburg.eu\/index.php\/wp-json\/wp\/v2\/users\/1"}],"replies":[{"embeddable":true,"href":"http:\/\/landhaussalzburg.eu\/index.php\/wp-json\/wp\/v2\/comments?post=18"}],"version-history":[{"count":14,"href":"http:\/\/landhaussalzburg.eu\/index.php\/wp-json\/wp\/v2\/pages\/18\/revisions"}],"predecessor-version":[{"id":197,"href":"http:\/\/landhaussalzburg.eu\/index.php\/wp-json\/wp\/v2\/pages\/18\/revisions\/197"}],"wp:attachment":[{"href":"http:\/\/landhaussalzburg.eu\/index.php\/wp-json\/wp\/v2\/media?parent=18"}],"curies":[{"name":"wp","href":"https:\/\/api.w.org\/{rel}","templated":true}]}}