{"id":144,"date":"2021-10-16T12:34:23","date_gmt":"2021-10-16T12:34:23","guid":{"rendered":"http:\/\/landhaussalzburg.eu\/home\/?page_id=144"},"modified":"2021-10-16T14:25:21","modified_gmt":"2021-10-16T14:25:21","slug":"datenschutz","status":"publish","type":"page","link":"http:\/\/landhaussalzburg.eu\/index.php\/datenschutz\/","title":{"rendered":"Datenschutz"},"content":{"rendered":"\n<h2 class=\"wp-block-heading\">Datenschutzerkl\u00e4rung<\/h2>\n\n\n\n<p>Der Schutz Ihrer pers\u00f6nlichen Daten ist uns ein besonderes Anliegen. Wir verarbeiten Ihre Daten daher ausschlie\u00dflich auf Grundlage der gesetzlichen Bestimmungen (DSGVO, TKG 2003). In diesen Datenschutz\u00adinformationen informieren wir Sie \u00fcber die wichtigsten Aspekte der Datenverarbeitung im Rahmen unserer Website.<\/p>\n\n\n\n<h2 class=\"wp-block-heading\">Sicherheitsma\u00dfnahmen<\/h2>\n\n\n\n<p>Wir treffen organisatorische, vertragliche und technische Sicherheitsma\u00dfnahmen entsprechend dem Stand der Technik, um sicherzustellen, dass die Vorschriften der Daten\u00adschutz\u00adgesetze eingehalten werden und um damit die durch uns verarbeiteten Daten gegen zuf\u00e4llige oder vors\u00e4tzliche Manipulationen, Verlust, Zerst\u00f6rung oder gegen den Zugriff unberechtigter Personen zu sch\u00fctzen. Zu den Sicherheits\u00adma\u00df\u00adnahmen geh\u00f6rt insbesondere die verschl\u00fcsselte \u00dcbertragung von Daten zwischen Ihrem Browser und unserem Server.<\/p>\n\n\n\n<h2 class=\"wp-block-heading\">Weitergabe von Daten an Dritte und Drittanbieter<\/h2>\n\n\n\n<p>Eine Weitergabe von Daten an Dritte erfolgt nur im Rahmen der gesetzlichen Vorgaben. Wir geben die Daten der Nutzer an Dritte nur dann weiter, wenn dies z.B. auf Grundlage des Art. 6 Abs. 1 lit. b. DSGVO f\u00fcr Vertragszwecke erforderlich ist oder auf Grundlage berechtigter Interessen gem. Art. 6 Abs. 1 lit. f. DSGVO an wirtschaftlichem und effektivem Betrieb unseres Gesch\u00e4ftsbetriebes.<\/p>\n\n\n\n<p>Sofern wir Subunternehmer einsetzen, um unsere Leistungen bereitzustellen, ergreifen wir geeignete rechtliche Vorkehrungen sowie entsprechende technische und organisatorische Ma\u00dfnahmen, um f\u00fcr den Schutz der personen\u00adbezogenen Daten gem\u00e4\u00df den einschl\u00e4gigen gesetzlichen Vorschriften zu sorgen.<\/p>\n\n\n\n<p>Sofern im Rahmen dieser Datenschutz\u00aderkl\u00e4rung Inhalte, Werkzeuge oder sonstige Mittel von anderen Anbietern (nachfolgend gemeinsam bezeichnet als &#8222;Drittanbieter&#8220;) eingesetzt werden und deren genannter Sitz sich in einem Drittland befindet, ist davon auszugehen, dass ein Datentransfer in die Sitzstaaten der Drittanbieter stattfindet. Als Drittstaaten sind L\u00e4nder zu verstehen, in denen die DSGVO kein unmittelbar geltendes Recht ist, d.h. grunds\u00e4tzlich L\u00e4nder au\u00dferhalb der EU, bzw. des Europ\u00e4ischen Wirtschaftsraums. Die \u00dcbermittlung von Daten in Drittstaaten erfolgt entweder, wenn ein angemessenes Datenschutzniveau, eine Einwilligung der Nutzer oder sonst eine gesetzliche Erlaubnis vorliegt.<\/p>\n\n\n\n<h2 class=\"wp-block-heading\">Kontakt mit uns<\/h2>\n\n\n\n<p>Wenn Sie per E-Mail Kontakt mit uns aufnehmen, werden Ihre angegebenen Daten f\u00fcr die Bearbeitung der Anfrage und f\u00fcr den Fall von Anschlussfragen sechs Monate bei uns gespeichert. Diese Daten geben wir nicht ohne Ihre Einwilligung weiter.<\/p>\n\n\n\n<h2 class=\"wp-block-heading\">Aufzeichnung von Server Logs<\/h2>\n\n\n\n<p>Jeder Zugriff auf unsere Internetseite und jeder Abruf einer auf dieser Website hinterlegten Datei werden protokolliert. Die Speicherung dient internen systembezogenen und statistischen Zwecken. Protokolliert werden: Informationen zu angeforderten Inhalten, Datum und Uhrzeit des Zugriffs, \u00fcbertragener Datenmenge, die Internet Protokolladresse (&#8222;IP-Adresse&#8220;) und technische Informationen zum Endger\u00e4t des Besuchers. Die technischen Informationen (Betriebssystem, Browsersoftware, Browserversion und Bildschirmaufl\u00f6sung) erlauben keinen R\u00fcckschluss auf einen bestimmten Besucher oder eine bestimmte Person. Die Detail\u00adauf\u00adzeichnungen werden nach der statistischen Auswertung gel\u00f6scht.<\/p>\n\n\n\n<h2 class=\"wp-block-heading\">Cookies<\/h2>\n\n\n\n<p>Unsere Website verwendet so genannte Cookies. Dabei handelt es sich um kleine Textdateien, die mit Hilfe des Browsers auf Ihrem Endger\u00e4t abgelegt werden. Sie richten keinen Schaden an. Wir nutzen Cookies dazu, unser Angebot nutzerfreundlich zu gestalten. Einige Cookies bleiben auf Ihrem Endger\u00e4t gespeichert, bis Sie diese l\u00f6schen. Sie erm\u00f6glichen es uns, Ihren Browser beim n\u00e4chsten Besuch wiederzuerkennen. Wenn Sie dies nicht w\u00fcnschen, so k\u00f6nnen Sie Ihren Browser so einrichten, dass er Sie \u00fcber das Setzen von Cookies informiert und Sie dies nur im Einzelfall erlauben. Bei der Deaktivierung von Cookies kann die Funktionalit\u00e4t unserer Website eingeschr\u00e4nkt sein. Mehr Informationen zu Cookies erhalten Sie auf&nbsp;<a href=\"https:\/\/de.wikipedia.org\/wiki\/HTTP-Cookie\" target=\"_blank\" rel=\"noreferrer noopener\">Wikipedia<\/a>.<\/p>\n\n\n\n<h2 class=\"wp-block-heading\">\u00c4ndern der Cookie-Einstellungen<\/h2>\n\n\n\n<p>Wie der Web-Browser mit Cookies umgeht, welche Cookies zugelassen oder abgelehnt werden, kann der Benutzer in den Einstellungen des Web-Browsers festlegen. Wo genau sich diese Einstellungen befinden, h\u00e4ngt vom jeweiligen Web-Browser ab. Detailinformationen dazu k\u00f6nnen \u00fcber die Hilfe-Funktion des jeweiligen Web-Browsers aufgerufen werden. Wenn die Nutzung von Cookies eingeschr\u00e4nkt wird, sind unter Umst\u00e4nden nicht mehr alle Funktionen dieser Website vollumf\u00e4nglich nutzbar.<\/p>\n\n\n\n<h2 class=\"wp-block-heading\">Cookies auf unserer Website<\/h2>\n\n\n\n<p>Unsere Website verwendet folgende Cookies:<\/p>\n\n\n\n<ul class=\"wp-block-list\"><li><strong>Cookie Consent<\/strong>&nbsp;(cb-enabled): Speicherung der Zustimmung zur Cookie-Verwendung<\/li><\/ul>\n\n\n\n<h2 class=\"wp-block-heading\">Einbindung von Diensten und Inhalten Dritter<\/h2>\n\n\n\n<p>Wir setzen innerhalb unseres Onlineangebotes auf Grundlage unserer berechtigten Interessen (d.h. Interesse an der Analyse, Optimierung und wirtschaftlichem Betrieb unseres Online\u00adangebotes im Sinne des Art. 6 Abs. 1 lit. f. DSGVO) Inhalts- oder Serviceangebote von Drittanbietern ein, um deren Inhalte und Services, wie z.B. Videos oder Schriftarten einzubinden (nachfolgend einheitlich bezeichnet als &#8222;Inhalte&#8220;). Dies setzt immer voraus, dass die Drittanbieter dieser Inhalte, die IP-Adresse der Nutzer wahrnehmen, da sie ohne die IP-Adresse die Inhalte nicht an deren Browser senden k\u00f6nnten. Die IP-Adresse ist damit f\u00fcr die Darstellung dieser Inhalte erforderlich. Wir bem\u00fchen uns nur solche Inhalte zu verwenden, deren jeweilige Anbieter die IP-Adresse lediglich zur Auslieferung der Inhalte verwenden. Drittanbieter k\u00f6nnen ferner so genannte Pixel-Tags (unsichtbare Grafiken, auch als &#8222;Web Beacons&#8220; bezeichnet) f\u00fcr statistische oder Marketingzwecke verwenden. Durch die &#8222;Pixel-Tags&#8220; k\u00f6nnen Informationen wie der Besucherverkehr auf den Seiten dieser Website ausgewertet werden. Die pseudonymen Informationen k\u00f6nnen ferner in Cookies auf dem Ger\u00e4t der Nutzer gespeichert werden und unter anderem technische Informationen zum Browser und Betriebssystem, verweisende Webseiten, Besuchszeit sowie weitere Angaben zur Nutzung unseres Onlineangebotes enthalten, als auch mit solchen Informationen aus anderen Quellen verbunden werden.<\/p>\n\n\n\n<h2 class=\"wp-block-heading\">Ihre Rechte<\/h2>\n\n\n\n<p>Ihnen stehen grunds\u00e4tzlich die Rechte auf Auskunft, Berichtigung, L\u00f6schung, Einschr\u00e4nkung, Daten\u00ad\u00fcbertrag\u00adbarkeit, Widerruf und Widerspruch zu. Wenn Sie glauben, dass die Verarbeitung Ihrer Daten gegen das Daten\u00ad\u00adschutz\u00adrecht verst\u00f6\u00dft oder Ihre datenschutz\u00ad\u00adrechtlichen Anspr\u00fcche sonst in einer anderen Weise verletzt worden sind, k\u00f6nnen Sie sich bei der Aufsichts\u00adbeh\u00f6rde (\u00d6sterreichische Daten\u00adschutz\u00adbeh\u00f6rde, Wicken\u00adburg\u00adgasse 8, 1080 Wien,&nbsp;<a href=\"https:\/\/www.dsb.gv.at\/\" target=\"_blank\" rel=\"noreferrer noopener\">www.dsb.gv.at<\/a>,&nbsp;<a href=\"mailto:dsb@dsb.gv.at\">dsb@dsb.gv.at<\/a>) beschweren.<\/p>\n\n\n\n<h2 class=\"wp-block-heading\">\u00c4nderung der Datenschutzerkl\u00e4rung<\/h2>\n\n\n\n<p>Wir behalten uns vor, die Datenschutz\u00aderkl\u00e4rung zu \u00e4ndern, um sie an ge\u00e4nderte Rechtslagen, oder bei \u00c4nderungen eines Dienstes sowie der Datenverarbeitung anzupassen. Dies gilt jedoch nur im Hinblick auf Erkl\u00e4rungen zur Datenverarbeitung. Sofern Einwilligungen der Nutzer erforderlich sind oder Bestandteile der Datenschutz\u00aderkl\u00e4rung Regelungen des Vertrags\u00adverh\u00e4ltnisses mit den Nutzern enthalten, erfolgen die \u00c4nderungen nur mit Zustimmung der Nutzer.<\/p>\n\n\n\n<p>Die Nutzer werden gebeten, sich regelm\u00e4\u00dfig \u00fcber den Inhalt der Datenschutz\u00aderkl\u00e4rung zu informieren.<\/p>\n","protected":false},"excerpt":{"rendered":"<p>Datenschutzerkl\u00e4rung Der Schutz Ihrer pers\u00f6nlichen Daten ist uns ein besonderes Anliegen. Wir verarbeiten Ihre Daten daher ausschlie\u00dflich auf Grundlage der gesetzlichen Bestimmungen (DSGVO, TKG 2003). In diesen Datenschutz\u00adinformationen informieren wir Sie \u00fcber die wichtigsten Aspekte der Datenverarbeitung im Rahmen unserer Website. Sicherheitsma\u00dfnahmen Wir treffen organisatorische, vertragliche und technische Sicherheitsma\u00dfnahmen entsprechend dem Stand der Technik, um &hellip; <\/p>\n<p class=\"link-more\"><a href=\"http:\/\/landhaussalzburg.eu\/index.php\/datenschutz\/\" class=\"more-link\">Mehr <span class=\"screen-reader-text\">\u00fcber &#8222;Datenschutz&#8220; <\/span>Lesen<\/a><\/p>\n","protected":false},"author":1,"featured_media":0,"parent":0,"menu_order":0,"comment_status":"closed","ping_status":"closed","template":"","meta":{"footnotes":""},"class_list":["post-144","page","type-page","status-publish","hentry"],"yoast_head":"<!-- This site is optimized with the Yoast SEO plugin v27.3 - https:\/\/yoast.com\/product\/yoast-seo-wordpress\/ -->\n<title>Datenschutz - landhaussalzburg.eu<\/title>\n<meta name=\"robots\" content=\"index, follow, max-snippet:-1, max-image-preview:large, max-video-preview:-1\" \/>\n<link rel=\"canonical\" href=\"http:\/\/landhaussalzburg.eu\/index.php\/datenschutz\/\" \/>\n<meta property=\"og:locale\" content=\"de_DE\" \/>\n<meta property=\"og:type\" content=\"article\" \/>\n<meta property=\"og:title\" content=\"Datenschutz - landhaussalzburg.eu\" \/>\n<meta property=\"og:description\" content=\"Datenschutzerkl\u00e4rung Der Schutz Ihrer pers\u00f6nlichen Daten ist uns ein besonderes Anliegen. Wir verarbeiten Ihre Daten daher ausschlie\u00dflich auf Grundlage der gesetzlichen Bestimmungen (DSGVO, TKG 2003). In diesen Datenschutz\u00adinformationen informieren wir Sie \u00fcber die wichtigsten Aspekte der Datenverarbeitung im Rahmen unserer Website. Sicherheitsma\u00dfnahmen Wir treffen organisatorische, vertragliche und technische Sicherheitsma\u00dfnahmen entsprechend dem Stand der Technik, um &hellip; Mehr \u00fcber &quot;Datenschutz&quot; Lesen\" \/>\n<meta property=\"og:url\" content=\"http:\/\/landhaussalzburg.eu\/index.php\/datenschutz\/\" \/>\n<meta property=\"og:site_name\" content=\"landhaussalzburg.eu\" \/>\n<meta property=\"article:modified_time\" content=\"2021-10-16T14:25:21+00:00\" \/>\n<meta name=\"twitter:card\" content=\"summary_large_image\" \/>\n<meta name=\"twitter:label1\" content=\"Gesch\u00e4tzte Lesezeit\" \/>\n\t<meta name=\"twitter:data1\" content=\"5\u00a0Minuten\" \/>\n<script type=\"application\/ld+json\" class=\"yoast-schema-graph\">{\"@context\":\"https:\\\/\\\/schema.org\",\"@graph\":[{\"@type\":\"WebPage\",\"@id\":\"http:\\\/\\\/landhaussalzburg.eu\\\/index.php\\\/datenschutz\\\/\",\"url\":\"http:\\\/\\\/landhaussalzburg.eu\\\/index.php\\\/datenschutz\\\/\",\"name\":\"Datenschutz - landhaussalzburg.eu\",\"isPartOf\":{\"@id\":\"http:\\\/\\\/landhaussalzburg.eu\\\/#website\"},\"datePublished\":\"2021-10-16T12:34:23+00:00\",\"dateModified\":\"2021-10-16T14:25:21+00:00\",\"breadcrumb\":{\"@id\":\"http:\\\/\\\/landhaussalzburg.eu\\\/index.php\\\/datenschutz\\\/#breadcrumb\"},\"inLanguage\":\"de\",\"potentialAction\":[{\"@type\":\"ReadAction\",\"target\":[\"http:\\\/\\\/landhaussalzburg.eu\\\/index.php\\\/datenschutz\\\/\"]}]},{\"@type\":\"BreadcrumbList\",\"@id\":\"http:\\\/\\\/landhaussalzburg.eu\\\/index.php\\\/datenschutz\\\/#breadcrumb\",\"itemListElement\":[{\"@type\":\"ListItem\",\"position\":1,\"name\":\"Startseite\",\"item\":\"http:\\\/\\\/landhaussalzburg.eu\\\/\"},{\"@type\":\"ListItem\",\"position\":2,\"name\":\"Datenschutz\"}]},{\"@type\":\"WebSite\",\"@id\":\"http:\\\/\\\/landhaussalzburg.eu\\\/#website\",\"url\":\"http:\\\/\\\/landhaussalzburg.eu\\\/\",\"name\":\"Landhaus Salzburg, Werfenweng\",\"description\":\"Just another WordPress site\",\"publisher\":{\"@id\":\"http:\\\/\\\/landhaussalzburg.eu\\\/#organization\"},\"potentialAction\":[{\"@type\":\"SearchAction\",\"target\":{\"@type\":\"EntryPoint\",\"urlTemplate\":\"http:\\\/\\\/landhaussalzburg.eu\\\/?s={search_term_string}\"},\"query-input\":{\"@type\":\"PropertyValueSpecification\",\"valueRequired\":true,\"valueName\":\"search_term_string\"}}],\"inLanguage\":\"de\"},{\"@type\":\"Organization\",\"@id\":\"http:\\\/\\\/landhaussalzburg.eu\\\/#organization\",\"name\":\"Landhaus Salzburg, Werfenweng\",\"url\":\"http:\\\/\\\/landhaussalzburg.eu\\\/\",\"logo\":{\"@type\":\"ImageObject\",\"inLanguage\":\"de\",\"@id\":\"http:\\\/\\\/landhaussalzburg.eu\\\/#\\\/schema\\\/logo\\\/image\\\/\",\"url\":\"https:\\\/\\\/i2.wp.com\\\/landhaussalzburg.eu\\\/wp-content\\\/uploads\\\/2021\\\/10\\\/Haus-Sommer-1-2-scaled.jpg?fit=2560%2C1920\",\"contentUrl\":\"https:\\\/\\\/i2.wp.com\\\/landhaussalzburg.eu\\\/wp-content\\\/uploads\\\/2021\\\/10\\\/Haus-Sommer-1-2-scaled.jpg?fit=2560%2C1920\",\"width\":2560,\"height\":1920,\"caption\":\"Landhaus Salzburg, Werfenweng\"},\"image\":{\"@id\":\"http:\\\/\\\/landhaussalzburg.eu\\\/#\\\/schema\\\/logo\\\/image\\\/\"}}]}<\/script>\n<!-- \/ Yoast SEO plugin. -->","yoast_head_json":{"title":"Datenschutz - landhaussalzburg.eu","robots":{"index":"index","follow":"follow","max-snippet":"max-snippet:-1","max-image-preview":"max-image-preview:large","max-video-preview":"max-video-preview:-1"},"canonical":"http:\/\/landhaussalzburg.eu\/index.php\/datenschutz\/","og_locale":"de_DE","og_type":"article","og_title":"Datenschutz - landhaussalzburg.eu","og_description":"Datenschutzerkl\u00e4rung Der Schutz Ihrer pers\u00f6nlichen Daten ist uns ein besonderes Anliegen. Wir verarbeiten Ihre Daten daher ausschlie\u00dflich auf Grundlage der gesetzlichen Bestimmungen (DSGVO, TKG 2003). In diesen Datenschutz\u00adinformationen informieren wir Sie \u00fcber die wichtigsten Aspekte der Datenverarbeitung im Rahmen unserer Website. Sicherheitsma\u00dfnahmen Wir treffen organisatorische, vertragliche und technische Sicherheitsma\u00dfnahmen entsprechend dem Stand der Technik, um &hellip; Mehr \u00fcber \"Datenschutz\" Lesen","og_url":"http:\/\/landhaussalzburg.eu\/index.php\/datenschutz\/","og_site_name":"landhaussalzburg.eu","article_modified_time":"2021-10-16T14:25:21+00:00","twitter_card":"summary_large_image","twitter_misc":{"Gesch\u00e4tzte Lesezeit":"5\u00a0Minuten"},"schema":{"@context":"https:\/\/schema.org","@graph":[{"@type":"WebPage","@id":"http:\/\/landhaussalzburg.eu\/index.php\/datenschutz\/","url":"http:\/\/landhaussalzburg.eu\/index.php\/datenschutz\/","name":"Datenschutz - landhaussalzburg.eu","isPartOf":{"@id":"http:\/\/landhaussalzburg.eu\/#website"},"datePublished":"2021-10-16T12:34:23+00:00","dateModified":"2021-10-16T14:25:21+00:00","breadcrumb":{"@id":"http:\/\/landhaussalzburg.eu\/index.php\/datenschutz\/#breadcrumb"},"inLanguage":"de","potentialAction":[{"@type":"ReadAction","target":["http:\/\/landhaussalzburg.eu\/index.php\/datenschutz\/"]}]},{"@type":"BreadcrumbList","@id":"http:\/\/landhaussalzburg.eu\/index.php\/datenschutz\/#breadcrumb","itemListElement":[{"@type":"ListItem","position":1,"name":"Startseite","item":"http:\/\/landhaussalzburg.eu\/"},{"@type":"ListItem","position":2,"name":"Datenschutz"}]},{"@type":"WebSite","@id":"http:\/\/landhaussalzburg.eu\/#website","url":"http:\/\/landhaussalzburg.eu\/","name":"Landhaus Salzburg, Werfenweng","description":"Just another WordPress site","publisher":{"@id":"http:\/\/landhaussalzburg.eu\/#organization"},"potentialAction":[{"@type":"SearchAction","target":{"@type":"EntryPoint","urlTemplate":"http:\/\/landhaussalzburg.eu\/?s={search_term_string}"},"query-input":{"@type":"PropertyValueSpecification","valueRequired":true,"valueName":"search_term_string"}}],"inLanguage":"de"},{"@type":"Organization","@id":"http:\/\/landhaussalzburg.eu\/#organization","name":"Landhaus Salzburg, Werfenweng","url":"http:\/\/landhaussalzburg.eu\/","logo":{"@type":"ImageObject","inLanguage":"de","@id":"http:\/\/landhaussalzburg.eu\/#\/schema\/logo\/image\/","url":"https:\/\/i2.wp.com\/landhaussalzburg.eu\/wp-content\/uploads\/2021\/10\/Haus-Sommer-1-2-scaled.jpg?fit=2560%2C1920","contentUrl":"https:\/\/i2.wp.com\/landhaussalzburg.eu\/wp-content\/uploads\/2021\/10\/Haus-Sommer-1-2-scaled.jpg?fit=2560%2C1920","width":2560,"height":1920,"caption":"Landhaus Salzburg, Werfenweng"},"image":{"@id":"http:\/\/landhaussalzburg.eu\/#\/schema\/logo\/image\/"}}]}},"jetpack_sharing_enabled":true,"_links":{"self":[{"href":"http:\/\/landhaussalzburg.eu\/index.php\/wp-json\/wp\/v2\/pages\/144","targetHints":{"allow":["GET"]}}],"collection":[{"href":"http:\/\/landhaussalzburg.eu\/index.php\/wp-json\/wp\/v2\/pages"}],"about":[{"href":"http:\/\/landhaussalzburg.eu\/index.php\/wp-json\/wp\/v2\/types\/page"}],"author":[{"embeddable":true,"href":"http:\/\/landhaussalzburg.eu\/index.php\/wp-json\/wp\/v2\/users\/1"}],"replies":[{"embeddable":true,"href":"http:\/\/landhaussalzburg.eu\/index.php\/wp-json\/wp\/v2\/comments?post=144"}],"version-history":[{"count":3,"href":"http:\/\/landhaussalzburg.eu\/index.php\/wp-json\/wp\/v2\/pages\/144\/revisions"}],"predecessor-version":[{"id":166,"href":"http:\/\/landhaussalzburg.eu\/index.php\/wp-json\/wp\/v2\/pages\/144\/revisions\/166"}],"wp:attachment":[{"href":"http:\/\/landhaussalzburg.eu\/index.php\/wp-json\/wp\/v2\/media?parent=144"}],"curies":[{"name":"wp","href":"https:\/\/api.w.org\/{rel}","templated":true}]}}